{"id":96063,"date":"2017-08-27T12:07:50","date_gmt":"2017-08-27T12:07:50","guid":{"rendered":"http:\/\/www.ceramictiles.com\/srbija\/product\/monopole-antique-marron\/"},"modified":"2026-01-04T00:02:06","modified_gmt":"2026-01-04T00:02:06","slug":"monopole-antique-marron","status":"publish","type":"product","link":"https:\/\/www.keramika.com\/srbija\/monopole-antique-marron\/","title":{"rendered":"Monopole Antique Marron"},"content":{"rendered":"<p>Plo\u010dica na sliki je 10&#215;20 cm. Izuzetno moderne plo\u010dice braon boje, osve\u017eit \u0107e svaki prostor. Plo\u010dica je debela 8,5 mm, \u0161to je ubraja u tvrde plo\u010dice. Proizvodnja \u0160panije ,koja je poznata u svetu, kao jedana od najboljih proizvo\u0111a\u010da kerami\u010dkih plo\u010dica. Redovna cena, ovih plo\u010dica u maloprodaji je 4554 RSD. U na\u0161oj online trgovini, je mo\u017eete kupiti za 3643,2 RSD.<\/p>\n<p>Kliknite na ime serije za sve plo\u010dice u toj seriji: <a class=\"pdfcatal\" href=\"\/\/www.ceramictiles.com\/pdf\/monopole\/catalogue_monopole_antique_marron.pdf\">Monopole Antique Marron<\/a><\/p>\n<p>Zidne plo\u010dice 10&#215;20 sjajne<br \/>\nPodne plo\u010dice 31,6&#215;31,6 mat<\/p>\n","protected":false},"excerpt":{"rendered":"<p>20 razli\u010ditih zidnih plo\u010dica u slu\u010dajnom me\u0161anju<br \/>\n10 razli\u010ditih podnih plo\u010dica u slu\u010dajnom me\u0161anju<\/p>\n","protected":false},"featured_media":96064,"template":"","meta":[],"product_cat":[200,220,230,99921434,240,999,250],"product_tag":[99950088,99950098,99950090,99950097],"_links":{"self":[{"href":"https:\/\/www.keramika.com\/srbija\/wp-json\/wp\/v2\/product\/96063"}],"collection":[{"href":"https:\/\/www.keramika.com\/srbija\/wp-json\/wp\/v2\/product"}],"about":[{"href":"https:\/\/www.keramika.com\/srbija\/wp-json\/wp\/v2\/types\/product"}],"wp:featuredmedia":[{"embeddable":true,"href":"https:\/\/www.keramika.com\/srbija\/wp-json\/wp\/v2\/media\/96064"}],"wp:attachment":[{"href":"https:\/\/www.keramika.com\/srbija\/wp-json\/wp\/v2\/media?parent=96063"}],"wp:term":[{"taxonomy":"product_cat","embeddable":true,"href":"https:\/\/www.keramika.com\/srbija\/wp-json\/wp\/v2\/product_cat?post=96063"},{"taxonomy":"product_tag","embeddable":true,"href":"https:\/\/www.keramika.com\/srbija\/wp-json\/wp\/v2\/product_tag?post=96063"}],"curies":[{"name":"wp","href":"https:\/\/api.w.org\/{rel}","templated":true}]}}