{"id":96043,"date":"2017-07-02T12:04:44","date_gmt":"2017-07-02T12:04:44","guid":{"rendered":"http:\/\/www.ceramictiles.com\/srbija\/product\/white-matt-225x90\/"},"modified":"2026-01-04T00:02:03","modified_gmt":"2026-01-04T00:02:03","slug":"white-matt-225x90","status":"publish","type":"product","link":"https:\/\/www.keramika.com\/srbija\/white-matt-225x90\/","title":{"rendered":"White Matt 22,5&#215;90"},"content":{"rendered":"<p>\u0160irina i du\u017eina plo\u010dice su 22,5&#215;90 cm. U maloprodaji bi morali za tu plo\u010dicu platiti 11875 RSD, online cena je samo 9500 RSD. Izuzetno moderne plo\u010dice bele boje, osve\u017eit \u0107e svaki prostor. Plo\u010dica je debela 8 mm, \u0161to je ubraja u tvrde plo\u010dice. Plo\u010dice dolaze iz \u0160panije, koja je poznata po kvalitetnoj keramiki.<\/p>\n<p>Kliknite na ime serije za sve plo\u010dice u toj seriji: <a class=\"pdfcatal\" href=\"\/\/www.ceramictiles.com\/pdf\/e-ceramica\/blancos_catalogue.pdf\" onclick=\"recordOutboundLink(this, 'E-mail', 'Description PDF');return false;\">e-Ceramica White ceramic tiles<\/a><\/p>\n<p>Da bi naru\u010dili model iz PDF kataloga ove serije, molimo vas, da nas kontaktirate na: <a href=\"mailto:zo_mi@ceramictiles.com\" onclick=\"recordOutboundLink(this, 'E-mail', 'Description mail');return false;\">zo_mi@ceramictiles.com<\/a> ili nas pozovite na: For exact offer, PLS send us quantity and product you need with delivery address..<\/p>\n<p>Technical description: Full pallet orders only<\/p>\n","protected":false},"excerpt":{"rendered":"<p>\u0160irina i du\u017eina plo\u010dice su 22,5&#215;90 cm. U maloprodaji bi morali za tu plo\u010dicu platiti 11875 RSD, online cena je samo 9500 RSD. Izuzetno moderne plo\u010dice bele boje, osve\u017eit \u0107e svaki prostor. Plo\u010dica je debela 8 mm, \u0161to je ubraja u tvrde plo\u010dice. Plo\u010dice dolaze iz \u0160panije, koja je poznata po kvalitetnoj keramiki. Kliknite na [&hellip;]<\/p>\n","protected":false},"featured_media":96044,"template":"","meta":[],"product_cat":[210,99921414,200,999],"product_tag":[],"_links":{"self":[{"href":"https:\/\/www.keramika.com\/srbija\/wp-json\/wp\/v2\/product\/96043"}],"collection":[{"href":"https:\/\/www.keramika.com\/srbija\/wp-json\/wp\/v2\/product"}],"about":[{"href":"https:\/\/www.keramika.com\/srbija\/wp-json\/wp\/v2\/types\/product"}],"wp:featuredmedia":[{"embeddable":true,"href":"https:\/\/www.keramika.com\/srbija\/wp-json\/wp\/v2\/media\/96044"}],"wp:attachment":[{"href":"https:\/\/www.keramika.com\/srbija\/wp-json\/wp\/v2\/media?parent=96043"}],"wp:term":[{"taxonomy":"product_cat","embeddable":true,"href":"https:\/\/www.keramika.com\/srbija\/wp-json\/wp\/v2\/product_cat?post=96043"},{"taxonomy":"product_tag","embeddable":true,"href":"https:\/\/www.keramika.com\/srbija\/wp-json\/wp\/v2\/product_tag?post=96043"}],"curies":[{"name":"wp","href":"https:\/\/api.w.org\/{rel}","templated":true}]}}