{"id":96039,"date":"2017-07-02T12:04:09","date_gmt":"2017-07-02T12:04:09","guid":{"rendered":"http:\/\/www.ceramictiles.com\/srbija\/product\/white-matt-15x90\/"},"modified":"2026-01-04T00:02:03","modified_gmt":"2026-01-04T00:02:03","slug":"white-matt-15x90","status":"publish","type":"product","link":"https:\/\/www.keramika.com\/srbija\/white-matt-15x90\/","title":{"rendered":"White Matt 15&#215;90"},"content":{"rendered":"<p>White Matt 15&#215;90 dolazi iz \u0160panije, koja je poznata po vrlo visokoj kvaliteta keramike u svetu. Plo\u010dica 15&#215;90 cm je dobra za ve\u0107 razli\u010ditih namena. Redovna cena, ovih plo\u010dica u maloprodaji je 11875 RSD. U na\u0161oj online trgovini, je mo\u017eete kupiti za 9500 RSD. Keramika je prekrasne bele boje. U koliko \u017eelite neku drugu boju, pozovite nas i mi \u0107emo proveriti kod proizvo\u0111a\u010da. Debljina plo\u010dice, je vrlo va\u017ena 8 mm i ubraja tu plo\u010dicu me\u0111u najkvalitetnije.<\/p>\n<p>Kliknite na ime serije za sve plo\u010dice u toj seriji: <a class=\"pdfcatal\" href=\"\/\/www.ceramictiles.com\/pdf\/e-ceramica\/blancos_catalogue.pdf\" onclick=\"recordOutboundLink(this, 'E-mail', 'Description PDF');return false;\">e-Ceramica White ceramic tiles<\/a><\/p>\n<p>Da bi naru\u010dili model iz PDF kataloga ove serije, molimo vas, da nas kontaktirate na: <a href=\"mailto:zo_mi@ceramictiles.com\" onclick=\"recordOutboundLink(this, 'E-mail', 'Description mail');return false;\">zo_mi@ceramictiles.com<\/a> ili nas pozovite na: For exact offer, PLS send us quantity and product you need with delivery address..<\/p>\n<p>Technical description: Full pallet orders only<\/p>\n","protected":false},"excerpt":{"rendered":"<p>White Matt 15&#215;90 dolazi iz \u0160panije, koja je poznata po vrlo visokoj kvaliteta keramike u svetu. Plo\u010dica 15&#215;90 cm je dobra za ve\u0107 razli\u010ditih namena. Redovna cena, ovih plo\u010dica u maloprodaji je 11875 RSD. U na\u0161oj online trgovini, je mo\u017eete kupiti za 9500 RSD. Keramika je prekrasne bele boje. U koliko \u017eelite neku drugu boju, [&hellip;]<\/p>\n","protected":false},"featured_media":96040,"template":"","meta":[],"product_cat":[210,99921414,200,999],"product_tag":[],"_links":{"self":[{"href":"https:\/\/www.keramika.com\/srbija\/wp-json\/wp\/v2\/product\/96039"}],"collection":[{"href":"https:\/\/www.keramika.com\/srbija\/wp-json\/wp\/v2\/product"}],"about":[{"href":"https:\/\/www.keramika.com\/srbija\/wp-json\/wp\/v2\/types\/product"}],"wp:featuredmedia":[{"embeddable":true,"href":"https:\/\/www.keramika.com\/srbija\/wp-json\/wp\/v2\/media\/96040"}],"wp:attachment":[{"href":"https:\/\/www.keramika.com\/srbija\/wp-json\/wp\/v2\/media?parent=96039"}],"wp:term":[{"taxonomy":"product_cat","embeddable":true,"href":"https:\/\/www.keramika.com\/srbija\/wp-json\/wp\/v2\/product_cat?post=96039"},{"taxonomy":"product_tag","embeddable":true,"href":"https:\/\/www.keramika.com\/srbija\/wp-json\/wp\/v2\/product_tag?post=96039"}],"curies":[{"name":"wp","href":"https:\/\/api.w.org\/{rel}","templated":true}]}}