{"id":96031,"date":"2017-07-02T12:02:54","date_gmt":"2017-07-02T12:02:54","guid":{"rendered":"http:\/\/www.ceramictiles.com\/srbija\/product\/white-matt-60x60\/"},"modified":"2026-01-04T00:02:02","modified_gmt":"2026-01-04T00:02:02","slug":"white-matt-60x60","status":"publish","type":"product","link":"https:\/\/www.keramika.com\/srbija\/white-matt-60x60\/","title":{"rendered":"White Matt 60&#215;60"},"content":{"rendered":"<p>\u0160irina i du\u017eina plo\u010dice su 60&#215;60 cm. 8281,25 RSD je redovna prodajna cena keramike, tu pa samo 6625 RSD. White Matt 60&#215;60 dolazi iz \u0160panije, koja je poznata po vrlo visokoj kvaliteta keramike u svetu. Ova plo\u010dica je debela 8 mm i zato je izuzetno izdr\u017eljiva. Keramika je prekrasne bele boje. U koliko \u017eelite neku drugu boju, pozovite nas i mi \u0107emo proveriti kod proizvo\u0111a\u010da.<\/p>\n<p>Kliknite na ime serije za sve plo\u010dice u toj seriji: <a class=\"pdfcatal\" href=\"\/\/www.ceramictiles.com\/pdf\/e-ceramica\/blancos_catalogue.pdf\" onclick=\"recordOutboundLink(this, 'E-mail', 'Description PDF');return false;\">e-Ceramica White ceramic tiles<\/a><\/p>\n<p>Da bi naru\u010dili model iz PDF kataloga ove serije, molimo vas, da nas kontaktirate na: <a href=\"mailto:zo_mi@ceramictiles.com\" onclick=\"recordOutboundLink(this, 'E-mail', 'Description mail');return false;\">zo_mi@ceramictiles.com<\/a> ili nas pozovite na: For exact offer, PLS send us quantity and product you need with delivery address..<\/p>\n<p>Technical description: Full pallet orders only<\/p>\n","protected":false},"excerpt":{"rendered":"<p>\u0160irina i du\u017eina plo\u010dice su 60&#215;60 cm. 8281,25 RSD je redovna prodajna cena keramike, tu pa samo 6625 RSD. White Matt 60&#215;60 dolazi iz \u0160panije, koja je poznata po vrlo visokoj kvaliteta keramike u svetu. Ova plo\u010dica je debela 8 mm i zato je izuzetno izdr\u017eljiva. Keramika je prekrasne bele boje. U koliko \u017eelite neku [&hellip;]<\/p>\n","protected":false},"featured_media":96032,"template":"","meta":[],"product_cat":[210,99921414,200,999],"product_tag":[],"_links":{"self":[{"href":"https:\/\/www.keramika.com\/srbija\/wp-json\/wp\/v2\/product\/96031"}],"collection":[{"href":"https:\/\/www.keramika.com\/srbija\/wp-json\/wp\/v2\/product"}],"about":[{"href":"https:\/\/www.keramika.com\/srbija\/wp-json\/wp\/v2\/types\/product"}],"wp:featuredmedia":[{"embeddable":true,"href":"https:\/\/www.keramika.com\/srbija\/wp-json\/wp\/v2\/media\/96032"}],"wp:attachment":[{"href":"https:\/\/www.keramika.com\/srbija\/wp-json\/wp\/v2\/media?parent=96031"}],"wp:term":[{"taxonomy":"product_cat","embeddable":true,"href":"https:\/\/www.keramika.com\/srbija\/wp-json\/wp\/v2\/product_cat?post=96031"},{"taxonomy":"product_tag","embeddable":true,"href":"https:\/\/www.keramika.com\/srbija\/wp-json\/wp\/v2\/product_tag?post=96031"}],"curies":[{"name":"wp","href":"https:\/\/api.w.org\/{rel}","templated":true}]}}