{"id":96023,"date":"2017-07-02T12:01:45","date_gmt":"2017-07-02T12:01:45","guid":{"rendered":"http:\/\/www.ceramictiles.com\/srbija\/product\/white-gloss-15x60\/"},"modified":"2026-01-04T00:02:01","modified_gmt":"2026-01-04T00:02:01","slug":"white-gloss-15x60","status":"publish","type":"product","link":"https:\/\/www.keramika.com\/srbija\/white-gloss-15x60\/","title":{"rendered":"White Gloss 15&#215;60"},"content":{"rendered":"<p>Ove bele kerami\u010dke plo\u010dice, obogatit \u0107e svaki prostor. White Gloss 15&#215;60 je dostupna po vrlo povoljnim cenama 6625 RSD. Ova plo\u010dica je debela 8 mm i zato je izuzetno izdr\u017eljiva. plo\u010dica proizvo\u0111a\u010da e-Ceramica iz \u0160panije. Veli\u010dina 15&#215;60 cm je odli\u010dna za sve podloge.<\/p>\n<p>Kliknite na ime serije za sve plo\u010dice u toj seriji: <a class=\"pdfcatal\" href=\"\/\/www.ceramictiles.com\/pdf\/e-ceramica\/blancos_catalogue.pdf\" onclick=\"recordOutboundLink(this, 'E-mail', 'Description PDF');return false;\">e-Ceramica White ceramic tiles<\/a><\/p>\n<p>Da bi naru\u010dili model iz PDF kataloga ove serije, molimo vas, da nas kontaktirate na: <a href=\"mailto:zo_mi@ceramictiles.com\" onclick=\"recordOutboundLink(this, 'E-mail', 'Description mail');return false;\">zo_mi@ceramictiles.com<\/a> ili nas pozovite na: For exact offer, PLS send us quantity and product you need with delivery address..<\/p>\n<p>Technical description: Full pallet orders only<\/p>\n","protected":false},"excerpt":{"rendered":"<p>Ove bele kerami\u010dke plo\u010dice, obogatit \u0107e svaki prostor. White Gloss 15&#215;60 je dostupna po vrlo povoljnim cenama 6625 RSD. Ova plo\u010dica je debela 8 mm i zato je izuzetno izdr\u017eljiva. plo\u010dica proizvo\u0111a\u010da e-Ceramica iz \u0160panije. Veli\u010dina 15&#215;60 cm je odli\u010dna za sve podloge. Kliknite na ime serije za sve plo\u010dice u toj seriji: e-Ceramica White [&hellip;]<\/p>\n","protected":false},"featured_media":96024,"template":"","meta":[],"product_cat":[210,99921414,200,999],"product_tag":[],"_links":{"self":[{"href":"https:\/\/www.keramika.com\/srbija\/wp-json\/wp\/v2\/product\/96023"}],"collection":[{"href":"https:\/\/www.keramika.com\/srbija\/wp-json\/wp\/v2\/product"}],"about":[{"href":"https:\/\/www.keramika.com\/srbija\/wp-json\/wp\/v2\/types\/product"}],"wp:featuredmedia":[{"embeddable":true,"href":"https:\/\/www.keramika.com\/srbija\/wp-json\/wp\/v2\/media\/96024"}],"wp:attachment":[{"href":"https:\/\/www.keramika.com\/srbija\/wp-json\/wp\/v2\/media?parent=96023"}],"wp:term":[{"taxonomy":"product_cat","embeddable":true,"href":"https:\/\/www.keramika.com\/srbija\/wp-json\/wp\/v2\/product_cat?post=96023"},{"taxonomy":"product_tag","embeddable":true,"href":"https:\/\/www.keramika.com\/srbija\/wp-json\/wp\/v2\/product_tag?post=96023"}],"curies":[{"name":"wp","href":"https:\/\/api.w.org\/{rel}","templated":true}]}}