{"id":95989,"date":"2017-07-02T11:56:40","date_gmt":"2017-07-02T11:56:40","guid":{"rendered":"http:\/\/www.ceramictiles.com\/srbija\/product\/blanco-15x20\/"},"modified":"2026-01-04T00:01:56","modified_gmt":"2026-01-04T00:01:56","slug":"blanco-15x20","status":"publish","type":"product","link":"https:\/\/www.keramika.com\/srbija\/blanco-15x20\/","title":{"rendered":"Blanco 15&#215;20"},"content":{"rendered":"<p>Proizvodnja \u0160panije ,koja je poznata u svetu, kao jedana od najboljih proizvo\u0111a\u010da kerami\u010dkih plo\u010dica. \u0160irina i du\u017eina plo\u010dice su 20&#215;20 cm. Redovna cena, ovih plo\u010dica u maloprodaji je 2772,5 RSD. U na\u0161oj online trgovini, je mo\u017eete kupiti za 2217,5 RSD. Ova plo\u010dica je debela 8 mm i zato je izuzetno izdr\u017eljiva. U izboru plo\u010dica bele boje, ne mo\u017eete pogre\u0161iti.<\/p>\n<p>Kliknite na ime serije za sve plo\u010dice u toj seriji: <a class=\"pdfcatal\" href=\"\/\/www.ceramictiles.com\/pdf\/e-ceramica\/blancos_catalogue.pdf\" onclick=\"recordOutboundLink(this, 'E-mail', 'Description PDF');return false;\">e-Ceramica White ceramic tiles<\/a><\/p>\n<p>Da bi naru\u010dili model iz PDF kataloga ove serije, molimo vas, da nas kontaktirate na: <a href=\"mailto:zo_mi@ceramictiles.com\" onclick=\"recordOutboundLink(this, 'E-mail', 'Description mail');return false;\">zo_mi@ceramictiles.com<\/a> ili nas pozovite na: For exact offer, PLS send us quantity and product you need with delivery address..<\/p>\n<p>Technical description: 15&#215;20<\/p>\n<p>Full pallet orders only<\/p>\n","protected":false},"excerpt":{"rendered":"<p>Proizvodnja \u0160panije ,koja je poznata u svetu, kao jedana od najboljih proizvo\u0111a\u010da kerami\u010dkih plo\u010dica. \u0160irina i du\u017eina plo\u010dice su 20&#215;20 cm. Redovna cena, ovih plo\u010dica u maloprodaji je 2772,5 RSD. U na\u0161oj online trgovini, je mo\u017eete kupiti za 2217,5 RSD. Ova plo\u010dica je debela 8 mm i zato je izuzetno izdr\u017eljiva. U izboru plo\u010dica bele [&hellip;]<\/p>\n","protected":false},"featured_media":95990,"template":"","meta":[],"product_cat":[210,99921414,200,999],"product_tag":[],"_links":{"self":[{"href":"https:\/\/www.keramika.com\/srbija\/wp-json\/wp\/v2\/product\/95989"}],"collection":[{"href":"https:\/\/www.keramika.com\/srbija\/wp-json\/wp\/v2\/product"}],"about":[{"href":"https:\/\/www.keramika.com\/srbija\/wp-json\/wp\/v2\/types\/product"}],"wp:featuredmedia":[{"embeddable":true,"href":"https:\/\/www.keramika.com\/srbija\/wp-json\/wp\/v2\/media\/95990"}],"wp:attachment":[{"href":"https:\/\/www.keramika.com\/srbija\/wp-json\/wp\/v2\/media?parent=95989"}],"wp:term":[{"taxonomy":"product_cat","embeddable":true,"href":"https:\/\/www.keramika.com\/srbija\/wp-json\/wp\/v2\/product_cat?post=95989"},{"taxonomy":"product_tag","embeddable":true,"href":"https:\/\/www.keramika.com\/srbija\/wp-json\/wp\/v2\/product_tag?post=95989"}],"curies":[{"name":"wp","href":"https:\/\/api.w.org\/{rel}","templated":true}]}}