{"id":95979,"date":"2017-07-02T11:55:08","date_gmt":"2017-07-02T11:55:08","guid":{"rendered":"http:\/\/www.ceramictiles.com\/srbija\/product\/blanco-mate-liso-10x30\/"},"modified":"2026-01-04T00:01:55","modified_gmt":"2026-01-04T00:01:55","slug":"blanco-mate-liso-10x30","status":"publish","type":"product","link":"https:\/\/www.keramika.com\/srbija\/blanco-mate-liso-10x30\/","title":{"rendered":"Blanco Mate Liso 10&#215;30"},"content":{"rendered":"<p>plo\u010dica proizvo\u0111a\u010da e-Ceramica iz \u0160panije. Ova plo\u010dica je debela 8 mm i zato je izuzetno izdr\u017eljiva. Plo\u010dice bele boje, su letos izuzetno tre\u017eene. 3187,5 RSD je redovna prodajna cena keramike, tu pa samo 2550 RSD. \u0160irina i du\u017eina plo\u010dice su 10&#215;30 cm.<\/p>\n<p>Kliknite na ime serije za sve plo\u010dice u toj seriji: <a class=\"pdfcatal\" href=\"\/\/www.ceramictiles.com\/pdf\/e-ceramica\/blancos_catalogue.pdf\" onclick=\"recordOutboundLink(this, 'E-mail', 'Description PDF');return false;\">e-Ceramica White ceramic tiles<\/a><\/p>\n<p>Da bi naru\u010dili model iz PDF kataloga ove serije, molimo vas, da nas kontaktirate na: <a href=\"mailto:zo_mi@ceramictiles.com\" onclick=\"recordOutboundLink(this, 'E-mail', 'Description mail');return false;\">zo_mi@ceramictiles.com<\/a> ili nas pozovite na: For exact offer, PLS send us quantity and product you need with delivery address..<\/p>\n<p>Technical description: Full pallet orders only<\/p>\n","protected":false},"excerpt":{"rendered":"<p>plo\u010dica proizvo\u0111a\u010da e-Ceramica iz \u0160panije. Ova plo\u010dica je debela 8 mm i zato je izuzetno izdr\u017eljiva. Plo\u010dice bele boje, su letos izuzetno tre\u017eene. 3187,5 RSD je redovna prodajna cena keramike, tu pa samo 2550 RSD. \u0160irina i du\u017eina plo\u010dice su 10&#215;30 cm. Kliknite na ime serije za sve plo\u010dice u toj seriji: e-Ceramica White ceramic [&hellip;]<\/p>\n","protected":false},"featured_media":95980,"template":"","meta":[],"product_cat":[210,99921414,200,999],"product_tag":[],"_links":{"self":[{"href":"https:\/\/www.keramika.com\/srbija\/wp-json\/wp\/v2\/product\/95979"}],"collection":[{"href":"https:\/\/www.keramika.com\/srbija\/wp-json\/wp\/v2\/product"}],"about":[{"href":"https:\/\/www.keramika.com\/srbija\/wp-json\/wp\/v2\/types\/product"}],"wp:featuredmedia":[{"embeddable":true,"href":"https:\/\/www.keramika.com\/srbija\/wp-json\/wp\/v2\/media\/95980"}],"wp:attachment":[{"href":"https:\/\/www.keramika.com\/srbija\/wp-json\/wp\/v2\/media?parent=95979"}],"wp:term":[{"taxonomy":"product_cat","embeddable":true,"href":"https:\/\/www.keramika.com\/srbija\/wp-json\/wp\/v2\/product_cat?post=95979"},{"taxonomy":"product_tag","embeddable":true,"href":"https:\/\/www.keramika.com\/srbija\/wp-json\/wp\/v2\/product_tag?post=95979"}],"curies":[{"name":"wp","href":"https:\/\/api.w.org\/{rel}","templated":true}]}}