{"id":95973,"date":"2017-07-02T11:54:16","date_gmt":"2017-07-02T11:54:16","guid":{"rendered":"http:\/\/www.ceramictiles.com\/srbija\/product\/blanco-brillo-bisel-10x30\/"},"modified":"2026-01-04T00:01:54","modified_gmt":"2026-01-04T00:01:54","slug":"blanco-brillo-bisel-10x30","status":"publish","type":"product","link":"https:\/\/www.keramika.com\/srbija\/blanco-brillo-bisel-10x30\/","title":{"rendered":"Blanco Brillo Bisel 10&#215;30"},"content":{"rendered":"<p>plo\u010dica proizvo\u0111a\u010da e-Ceramica iz \u0160panije. Debljina 8 mm \u010dini plo\u010dicu vrlo izdr\u017eljivom i prijatnom na dodir. Veli\u010dina 10&#215;30 cm je odli\u010dna za sve podloge. U izboru plo\u010dica bele boje, ne mo\u017eete pogre\u0161iti. 3187,5 RSD je redovna prodajna cena keramike, tu pa samo 2550 RSD.<\/p>\n<p>Kliknite na ime serije za sve plo\u010dice u toj seriji: <a class=\"pdfcatal\" href=\"\/\/www.ceramictiles.com\/pdf\/e-ceramica\/blancos_catalogue.pdf\" onclick=\"recordOutboundLink(this, 'E-mail', 'Description PDF');return false;\">e-Ceramica White ceramic tiles<\/a><\/p>\n<p>Da bi naru\u010dili model iz PDF kataloga ove serije, molimo vas, da nas kontaktirate na: <a href=\"mailto:zo_mi@ceramictiles.com\" onclick=\"recordOutboundLink(this, 'E-mail', 'Description mail');return false;\">zo_mi@ceramictiles.com<\/a> ili nas pozovite na: For exact offer, PLS send us quantity and product you need with delivery address..<\/p>\n<p>Technical description: Full pallet orders only<\/p>\n","protected":false},"excerpt":{"rendered":"<p>plo\u010dica proizvo\u0111a\u010da e-Ceramica iz \u0160panije. Debljina 8 mm \u010dini plo\u010dicu vrlo izdr\u017eljivom i prijatnom na dodir. Veli\u010dina 10&#215;30 cm je odli\u010dna za sve podloge. U izboru plo\u010dica bele boje, ne mo\u017eete pogre\u0161iti. 3187,5 RSD je redovna prodajna cena keramike, tu pa samo 2550 RSD. Kliknite na ime serije za sve plo\u010dice u toj seriji: e-Ceramica [&hellip;]<\/p>\n","protected":false},"featured_media":95974,"template":"","meta":[],"product_cat":[210,99921414,200,999],"product_tag":[],"_links":{"self":[{"href":"https:\/\/www.keramika.com\/srbija\/wp-json\/wp\/v2\/product\/95973"}],"collection":[{"href":"https:\/\/www.keramika.com\/srbija\/wp-json\/wp\/v2\/product"}],"about":[{"href":"https:\/\/www.keramika.com\/srbija\/wp-json\/wp\/v2\/types\/product"}],"wp:featuredmedia":[{"embeddable":true,"href":"https:\/\/www.keramika.com\/srbija\/wp-json\/wp\/v2\/media\/95974"}],"wp:attachment":[{"href":"https:\/\/www.keramika.com\/srbija\/wp-json\/wp\/v2\/media?parent=95973"}],"wp:term":[{"taxonomy":"product_cat","embeddable":true,"href":"https:\/\/www.keramika.com\/srbija\/wp-json\/wp\/v2\/product_cat?post=95973"},{"taxonomy":"product_tag","embeddable":true,"href":"https:\/\/www.keramika.com\/srbija\/wp-json\/wp\/v2\/product_tag?post=95973"}],"curies":[{"name":"wp","href":"https:\/\/api.w.org\/{rel}","templated":true}]}}