{"id":95961,"date":"2017-07-02T11:52:30","date_gmt":"2017-07-02T11:52:30","guid":{"rendered":"http:\/\/www.ceramictiles.com\/srbija\/product\/blanco-brillo-bisel-10x20\/"},"modified":"2026-01-04T00:01:53","modified_gmt":"2026-01-04T00:01:53","slug":"blanco-brillo-bisel-10x20","status":"publish","type":"product","link":"https:\/\/www.keramika.com\/srbija\/blanco-brillo-bisel-10x20\/","title":{"rendered":"Blanco Brillo Bisel 10&#215;20"},"content":{"rendered":"<p>Ove plo\u010dice dolaze od proizvo\u0111a\u010da e-Ceramica, iz \u0160panije. Izuzetno moderne plo\u010dice bele boje, osve\u017eit \u0107e svaki prostor. Plo\u010dica je debela 8 mm, \u0161to je ubraja u tvrde plo\u010dice. \u0160irina i du\u017eina plo\u010dice su 10&#215;20 cm. Online cena je samo 2550 RSD, dok redovna, maloprodajna cena 3187,5 RSD.<\/p>\n<p>Kliknite na ime serije za sve plo\u010dice u toj seriji: <a class=\"pdfcatal\" href=\"\/\/www.ceramictiles.com\/pdf\/e-ceramica\/blancos_catalogue.pdf\" onclick=\"recordOutboundLink(this, 'E-mail', 'Description PDF');return false;\">e-Ceramica White ceramic tiles<\/a><\/p>\n<p>Da bi naru\u010dili model iz PDF kataloga ove serije, molimo vas, da nas kontaktirate na: <a href=\"mailto:zo_mi@ceramictiles.com\" onclick=\"recordOutboundLink(this, 'E-mail', 'Description mail');return false;\">zo_mi@ceramictiles.com<\/a> ili nas pozovite na: For exact offer, PLS send us quantity and product you need with delivery address..<\/p>\n<p>Technical description: Full pallet orders only<\/p>\n","protected":false},"excerpt":{"rendered":"<p>Ove plo\u010dice dolaze od proizvo\u0111a\u010da e-Ceramica, iz \u0160panije. Izuzetno moderne plo\u010dice bele boje, osve\u017eit \u0107e svaki prostor. Plo\u010dica je debela 8 mm, \u0161to je ubraja u tvrde plo\u010dice. \u0160irina i du\u017eina plo\u010dice su 10&#215;20 cm. Online cena je samo 2550 RSD, dok redovna, maloprodajna cena 3187,5 RSD. Kliknite na ime serije za sve plo\u010dice u [&hellip;]<\/p>\n","protected":false},"featured_media":95962,"template":"","meta":[],"product_cat":[210,99921414,200,999],"product_tag":[],"_links":{"self":[{"href":"https:\/\/www.keramika.com\/srbija\/wp-json\/wp\/v2\/product\/95961"}],"collection":[{"href":"https:\/\/www.keramika.com\/srbija\/wp-json\/wp\/v2\/product"}],"about":[{"href":"https:\/\/www.keramika.com\/srbija\/wp-json\/wp\/v2\/types\/product"}],"wp:featuredmedia":[{"embeddable":true,"href":"https:\/\/www.keramika.com\/srbija\/wp-json\/wp\/v2\/media\/95962"}],"wp:attachment":[{"href":"https:\/\/www.keramika.com\/srbija\/wp-json\/wp\/v2\/media?parent=95961"}],"wp:term":[{"taxonomy":"product_cat","embeddable":true,"href":"https:\/\/www.keramika.com\/srbija\/wp-json\/wp\/v2\/product_cat?post=95961"},{"taxonomy":"product_tag","embeddable":true,"href":"https:\/\/www.keramika.com\/srbija\/wp-json\/wp\/v2\/product_tag?post=95961"}],"curies":[{"name":"wp","href":"https:\/\/api.w.org\/{rel}","templated":true}]}}