{"id":95955,"date":"2017-07-02T11:51:36","date_gmt":"2017-07-02T11:51:36","guid":{"rendered":"http:\/\/www.ceramictiles.com\/srbija\/product\/universal-blanco-mate-25x75\/"},"modified":"2026-01-04T00:01:52","modified_gmt":"2026-01-04T00:01:52","slug":"universal-blanco-mate-25x75","status":"publish","type":"product","link":"https:\/\/www.keramika.com\/srbija\/universal-blanco-mate-25x75\/","title":{"rendered":"Universal Blanco Mate 25&#215;75"},"content":{"rendered":"<p>Veli\u010dina 25&#215;75 cm je odli\u010dna za sve podloge. Plo\u010dica je debela 8 mm, \u0161to je ubraja u tvrde plo\u010dice. plo\u010dica proizvo\u0111a\u010da e-Ceramica iz \u0160panije. Keramika je prekrasne bele boje. U koliko \u017eelite neku drugu boju, pozovite nas i mi \u0107emo proveriti kod proizvo\u0111a\u010da. Online cena je samo 3300 RSD, dok redovna, maloprodajna cena 4125 RSD.<\/p>\n<p>Kliknite na ime serije za sve plo\u010dice u toj seriji: <a class=\"pdfcatal\" href=\"\/\/www.ceramictiles.com\/pdf\/e-ceramica\/blancos_catalogue.pdf\" onclick=\"recordOutboundLink(this, 'E-mail', 'Description PDF');return false;\">e-Ceramica White ceramic tiles<\/a><\/p>\n<p>Da bi naru\u010dili model iz PDF kataloga ove serije, molimo vas, da nas kontaktirate na: <a href=\"mailto:zo_mi@ceramictiles.com\" onclick=\"recordOutboundLink(this, 'E-mail', 'Description mail');return false;\">zo_mi@ceramictiles.com<\/a> ili nas pozovite na: For exact offer, PLS send us quantity and product you need with delivery address..<\/p>\n<p>Technical description: Full pallet orders only<\/p>\n","protected":false},"excerpt":{"rendered":"<p>Veli\u010dina 25&#215;75 cm je odli\u010dna za sve podloge. Plo\u010dica je debela 8 mm, \u0161to je ubraja u tvrde plo\u010dice. plo\u010dica proizvo\u0111a\u010da e-Ceramica iz \u0160panije. Keramika je prekrasne bele boje. U koliko \u017eelite neku drugu boju, pozovite nas i mi \u0107emo proveriti kod proizvo\u0111a\u010da. Online cena je samo 3300 RSD, dok redovna, maloprodajna cena 4125 RSD. [&hellip;]<\/p>\n","protected":false},"featured_media":95956,"template":"","meta":[],"product_cat":[210,99921414,200,999],"product_tag":[],"_links":{"self":[{"href":"https:\/\/www.keramika.com\/srbija\/wp-json\/wp\/v2\/product\/95955"}],"collection":[{"href":"https:\/\/www.keramika.com\/srbija\/wp-json\/wp\/v2\/product"}],"about":[{"href":"https:\/\/www.keramika.com\/srbija\/wp-json\/wp\/v2\/types\/product"}],"wp:featuredmedia":[{"embeddable":true,"href":"https:\/\/www.keramika.com\/srbija\/wp-json\/wp\/v2\/media\/95956"}],"wp:attachment":[{"href":"https:\/\/www.keramika.com\/srbija\/wp-json\/wp\/v2\/media?parent=95955"}],"wp:term":[{"taxonomy":"product_cat","embeddable":true,"href":"https:\/\/www.keramika.com\/srbija\/wp-json\/wp\/v2\/product_cat?post=95955"},{"taxonomy":"product_tag","embeddable":true,"href":"https:\/\/www.keramika.com\/srbija\/wp-json\/wp\/v2\/product_tag?post=95955"}],"curies":[{"name":"wp","href":"https:\/\/api.w.org\/{rel}","templated":true}]}}