{"id":95921,"date":"2017-07-02T11:46:26","date_gmt":"2017-07-02T11:46:26","guid":{"rendered":"http:\/\/www.ceramictiles.com\/srbija\/product\/blanco-mate-20x20\/"},"modified":"2026-01-04T00:01:48","modified_gmt":"2026-01-04T00:01:48","slug":"blanco-mate-20x20","status":"publish","type":"product","link":"https:\/\/www.keramika.com\/srbija\/blanco-mate-20x20\/","title":{"rendered":"Blanco Mate 20&#215;20"},"content":{"rendered":"<p>Plo\u010dica je debela 8 mm, \u0161to je ubraja u tvrde plo\u010dice. U maloprodaji bi morali za tu plo\u010dicu platiti 1302,5 RSD, online cena je samo 1042,5 RSD. Dimenzije ovih plo\u010dica su 20&#215;20 cm. U izboru plo\u010dica bele boje, ne mo\u017eete pogre\u0161iti. Plo\u010dice dolaze iz \u0160panije, koja je poznata po kvalitetnoj keramiki.<\/p>\n<p>Kliknite na ime serije za sve plo\u010dice u toj seriji: <a class=\"pdfcatal\" href=\"\/\/www.ceramictiles.com\/pdf\/e-ceramica\/blancos_catalogue.pdf\" onclick=\"recordOutboundLink(this, 'E-mail', 'Description PDF');return false;\">e-Ceramica White ceramic tiles<\/a><\/p>\n<p>Da bi naru\u010dili model iz PDF kataloga ove serije, molimo vas, da nas kontaktirate na: <a href=\"mailto:zo_mi@ceramictiles.com\" onclick=\"recordOutboundLink(this, 'E-mail', 'Description mail');return false;\">zo_mi@ceramictiles.com<\/a> ili nas pozovite na: For exact offer, PLS send us quantity and product you need with delivery address..<\/p>\n<p>Technical description: Full pallet orders only<\/p>\n","protected":false},"excerpt":{"rendered":"<p>Plo\u010dica je debela 8 mm, \u0161to je ubraja u tvrde plo\u010dice. U maloprodaji bi morali za tu plo\u010dicu platiti 1302,5 RSD, online cena je samo 1042,5 RSD. Dimenzije ovih plo\u010dica su 20&#215;20 cm. U izboru plo\u010dica bele boje, ne mo\u017eete pogre\u0161iti. Plo\u010dice dolaze iz \u0160panije, koja je poznata po kvalitetnoj keramiki. Kliknite na ime serije [&hellip;]<\/p>\n","protected":false},"featured_media":95922,"template":"","meta":[],"product_cat":[210,99921414,200,999],"product_tag":[],"_links":{"self":[{"href":"https:\/\/www.keramika.com\/srbija\/wp-json\/wp\/v2\/product\/95921"}],"collection":[{"href":"https:\/\/www.keramika.com\/srbija\/wp-json\/wp\/v2\/product"}],"about":[{"href":"https:\/\/www.keramika.com\/srbija\/wp-json\/wp\/v2\/types\/product"}],"wp:featuredmedia":[{"embeddable":true,"href":"https:\/\/www.keramika.com\/srbija\/wp-json\/wp\/v2\/media\/95922"}],"wp:attachment":[{"href":"https:\/\/www.keramika.com\/srbija\/wp-json\/wp\/v2\/media?parent=95921"}],"wp:term":[{"taxonomy":"product_cat","embeddable":true,"href":"https:\/\/www.keramika.com\/srbija\/wp-json\/wp\/v2\/product_cat?post=95921"},{"taxonomy":"product_tag","embeddable":true,"href":"https:\/\/www.keramika.com\/srbija\/wp-json\/wp\/v2\/product_tag?post=95921"}],"curies":[{"name":"wp","href":"https:\/\/api.w.org\/{rel}","templated":true}]}}