{"id":95919,"date":"2017-07-02T11:46:08","date_gmt":"2017-07-02T11:46:08","guid":{"rendered":"http:\/\/www.ceramictiles.com\/srbija\/product\/blanco-brillo-20x20\/"},"modified":"2026-01-04T00:01:48","modified_gmt":"2026-01-04T00:01:48","slug":"blanco-brillo-20x20","status":"publish","type":"product","link":"https:\/\/www.keramika.com\/srbija\/blanco-brillo-20x20\/","title":{"rendered":"Blanco Brillo 20&#215;20"},"content":{"rendered":"<p>8 mm debljina \u0107e zadovoljiti i najzahtevnije kupce. Blanco Brillo 20&#215;20 je proizvod iz \u0160panije te je izuzetno kvalitetna. Ta kolekcija, model plo\u010dice, se prodaje najvi\u0161e bele boje. 1302,5 RSD je redovna prodajna cena keramike, tu pa samo 1042,5 RSD. Veli\u010dina plo\u010dice je 20&#215;20 cm i odli\u010dna je za razli\u010dite povr\u0161ine.<\/p>\n<p>Kliknite na ime serije za sve plo\u010dice u toj seriji: <a class=\"pdfcatal\" href=\"\/\/www.ceramictiles.com\/pdf\/e-ceramica\/blancos_catalogue.pdf\" onclick=\"recordOutboundLink(this, 'E-mail', 'Description PDF');return false;\">e-Ceramica White ceramic tiles<\/a><\/p>\n<p>Da bi naru\u010dili model iz PDF kataloga ove serije, molimo vas, da nas kontaktirate na: <a href=\"mailto:zo_mi@ceramictiles.com\" onclick=\"recordOutboundLink(this, 'E-mail', 'Description mail');return false;\">zo_mi@ceramictiles.com<\/a> ili nas pozovite na: For exact offer, PLS send us quantity and product you need with delivery address..<\/p>\n<p>Technical description: Full pallet orders only<\/p>\n","protected":false},"excerpt":{"rendered":"<p>8 mm debljina \u0107e zadovoljiti i najzahtevnije kupce. Blanco Brillo 20&#215;20 je proizvod iz \u0160panije te je izuzetno kvalitetna. Ta kolekcija, model plo\u010dice, se prodaje najvi\u0161e bele boje. 1302,5 RSD je redovna prodajna cena keramike, tu pa samo 1042,5 RSD. Veli\u010dina plo\u010dice je 20&#215;20 cm i odli\u010dna je za razli\u010dite povr\u0161ine. Kliknite na ime serije [&hellip;]<\/p>\n","protected":false},"featured_media":95920,"template":"","meta":[],"product_cat":[210,99921414,200,999],"product_tag":[],"_links":{"self":[{"href":"https:\/\/www.keramika.com\/srbija\/wp-json\/wp\/v2\/product\/95919"}],"collection":[{"href":"https:\/\/www.keramika.com\/srbija\/wp-json\/wp\/v2\/product"}],"about":[{"href":"https:\/\/www.keramika.com\/srbija\/wp-json\/wp\/v2\/types\/product"}],"wp:featuredmedia":[{"embeddable":true,"href":"https:\/\/www.keramika.com\/srbija\/wp-json\/wp\/v2\/media\/95920"}],"wp:attachment":[{"href":"https:\/\/www.keramika.com\/srbija\/wp-json\/wp\/v2\/media?parent=95919"}],"wp:term":[{"taxonomy":"product_cat","embeddable":true,"href":"https:\/\/www.keramika.com\/srbija\/wp-json\/wp\/v2\/product_cat?post=95919"},{"taxonomy":"product_tag","embeddable":true,"href":"https:\/\/www.keramika.com\/srbija\/wp-json\/wp\/v2\/product_tag?post=95919"}],"curies":[{"name":"wp","href":"https:\/\/api.w.org\/{rel}","templated":true}]}}