{"id":95911,"date":"2017-07-02T11:44:51","date_gmt":"2017-07-02T11:44:51","guid":{"rendered":"http:\/\/www.ceramictiles.com\/srbija\/product\/blanco-mate-20x50\/"},"modified":"2026-01-04T00:01:47","modified_gmt":"2026-01-04T00:01:47","slug":"blanco-mate-20x50","status":"publish","type":"product","link":"https:\/\/www.keramika.com\/srbija\/blanco-mate-20x50\/","title":{"rendered":"Blanco Mate 20&#215;50"},"content":{"rendered":"<p>Blanco Mate 20&#215;50 je proizvod iz \u0160panije te je izuzetno kvalitetna. Veli\u010dina 20&#215;50 cm je odli\u010dna za sve podloge. Ta kolekcija, model plo\u010dice, se prodaje najvi\u0161e bele boje. Debljina 8 mm \u010dini plo\u010dicu vrlo izdr\u017eljivom i prijatnom na dodir. Umesto 1575 RSD \u0161to je redovna maloprodajna cena keramike, u na\u0161oj online prodavnici, je mo\u017eete dobiti za samo 1260 RSD.<\/p>\n<p>Kliknite na ime serije za sve plo\u010dice u toj seriji: <a class=\"pdfcatal\" href=\"\/\/www.ceramictiles.com\/pdf\/e-ceramica\/blancos_catalogue.pdf\" onclick=\"recordOutboundLink(this, 'E-mail', 'Description PDF');return false;\">e-Ceramica White ceramic tiles<\/a><\/p>\n<p>Da bi naru\u010dili model iz PDF kataloga ove serije, molimo vas, da nas kontaktirate na: <a href=\"mailto:zo_mi@ceramictiles.com\" onclick=\"recordOutboundLink(this, 'E-mail', 'Description mail');return false;\">zo_mi@ceramictiles.com<\/a> ili nas pozovite na: For exact offer, PLS send us quantity and product you need with delivery address..<\/p>\n<p>Technical description: Full pallet orders only<\/p>\n","protected":false},"excerpt":{"rendered":"<p>Blanco Mate 20&#215;50 je proizvod iz \u0160panije te je izuzetno kvalitetna. Veli\u010dina 20&#215;50 cm je odli\u010dna za sve podloge. Ta kolekcija, model plo\u010dice, se prodaje najvi\u0161e bele boje. Debljina 8 mm \u010dini plo\u010dicu vrlo izdr\u017eljivom i prijatnom na dodir. Umesto 1575 RSD \u0161to je redovna maloprodajna cena keramike, u na\u0161oj online prodavnici, je mo\u017eete dobiti [&hellip;]<\/p>\n","protected":false},"featured_media":95912,"template":"","meta":[],"product_cat":[210,99921414,200,999],"product_tag":[],"_links":{"self":[{"href":"https:\/\/www.keramika.com\/srbija\/wp-json\/wp\/v2\/product\/95911"}],"collection":[{"href":"https:\/\/www.keramika.com\/srbija\/wp-json\/wp\/v2\/product"}],"about":[{"href":"https:\/\/www.keramika.com\/srbija\/wp-json\/wp\/v2\/types\/product"}],"wp:featuredmedia":[{"embeddable":true,"href":"https:\/\/www.keramika.com\/srbija\/wp-json\/wp\/v2\/media\/95912"}],"wp:attachment":[{"href":"https:\/\/www.keramika.com\/srbija\/wp-json\/wp\/v2\/media?parent=95911"}],"wp:term":[{"taxonomy":"product_cat","embeddable":true,"href":"https:\/\/www.keramika.com\/srbija\/wp-json\/wp\/v2\/product_cat?post=95911"},{"taxonomy":"product_tag","embeddable":true,"href":"https:\/\/www.keramika.com\/srbija\/wp-json\/wp\/v2\/product_tag?post=95911"}],"curies":[{"name":"wp","href":"https:\/\/api.w.org\/{rel}","templated":true}]}}