{"id":95907,"date":"2017-07-02T11:44:08","date_gmt":"2017-07-02T11:44:08","guid":{"rendered":"http:\/\/www.ceramictiles.com\/srbija\/product\/zidne-plocice-zaragoza-crema\/"},"modified":"2026-01-04T00:01:47","modified_gmt":"2026-01-04T00:01:47","slug":"zidne-plocice-zaragoza-crema","status":"publish","type":"product","link":"https:\/\/www.keramika.com\/srbija\/zidne-plocice-zaragoza-crema\/","title":{"rendered":"Zidne plo\u010dice Zaragoza Crema"},"content":{"rendered":"<p>Keramika je prekrasne bele boje. U koliko \u017eelite neku drugu boju, pozovite nas i mi \u0107emo proveriti kod proizvo\u0111a\u010da. \u0160irina i du\u017eina plo\u010dice su 20&#215;50 cm. 9 mm debljine je dovoljno za zahtevnije kupce. 1575 RSD je redovna prodajna cena keramike, tu pa samo 1260 RSD. Zaragoza Crema dolazi iz \u0160panije, koja je poznata po vrlo visokoj kvaliteta keramike u svetu.<\/p>\n<p>Kliknite na ime serije za sve plo\u010dice u toj seriji: <a class=\"pdfcatal\" href=\"\/\/www.ceramictiles.com\/pdf\/e-ceramica\/ceramic_tiles_catalogue.pdf\" onclick=\"recordOutboundLink(this, 'E-mail', 'Description PDF');return false;\">e-Ceramica Zaragoza<\/a><\/p>\n<p>Da bi naru\u010dili model iz PDF kataloga ove serije, molimo vas, da nas kontaktirate na: <a href=\"mailto:zo_mi@ceramictiles.com\" onclick=\"recordOutboundLink(this, 'E-mail', 'Description mail');return false;\">zo_mi@ceramictiles.com<\/a> ili nas pozovite na: For exact offer, PLS send us quantity and product you need with delivery address..<\/p>\n<p>Technical description: Full pallet orders only<\/p>\n","protected":false},"excerpt":{"rendered":"<p>Keramika je prekrasne bele boje. U koliko \u017eelite neku drugu boju, pozovite nas i mi \u0107emo proveriti kod proizvo\u0111a\u010da. \u0160irina i du\u017eina plo\u010dice su 20&#215;50 cm. 9 mm debljine je dovoljno za zahtevnije kupce. 1575 RSD je redovna prodajna cena keramike, tu pa samo 1260 RSD. Zaragoza Crema dolazi iz \u0160panije, koja je poznata po [&hellip;]<\/p>\n","protected":false},"featured_media":95908,"template":"","meta":[],"product_cat":[210,99921414,200,999],"product_tag":[],"_links":{"self":[{"href":"https:\/\/www.keramika.com\/srbija\/wp-json\/wp\/v2\/product\/95907"}],"collection":[{"href":"https:\/\/www.keramika.com\/srbija\/wp-json\/wp\/v2\/product"}],"about":[{"href":"https:\/\/www.keramika.com\/srbija\/wp-json\/wp\/v2\/types\/product"}],"wp:featuredmedia":[{"embeddable":true,"href":"https:\/\/www.keramika.com\/srbija\/wp-json\/wp\/v2\/media\/95908"}],"wp:attachment":[{"href":"https:\/\/www.keramika.com\/srbija\/wp-json\/wp\/v2\/media?parent=95907"}],"wp:term":[{"taxonomy":"product_cat","embeddable":true,"href":"https:\/\/www.keramika.com\/srbija\/wp-json\/wp\/v2\/product_cat?post=95907"},{"taxonomy":"product_tag","embeddable":true,"href":"https:\/\/www.keramika.com\/srbija\/wp-json\/wp\/v2\/product_tag?post=95907"}],"curies":[{"name":"wp","href":"https:\/\/api.w.org\/{rel}","templated":true}]}}