{"id":95901,"date":"2017-07-02T11:43:06","date_gmt":"2017-07-02T11:43:06","guid":{"rendered":"http:\/\/www.ceramictiles.com\/srbija\/product\/dekorativne-plocice-watson-rojo\/"},"modified":"2026-01-04T00:01:46","modified_gmt":"2026-01-04T00:01:46","slug":"dekorativne-plocice-watson-rojo","status":"publish","type":"product","link":"https:\/\/www.keramika.com\/srbija\/dekorativne-plocice-watson-rojo\/","title":{"rendered":"Dekorativne plo\u010dice Watson Rojo"},"content":{"rendered":"<p>Watson Rojo je proizvod iz \u0160panije te je izuzetno kvalitetna. Online cena je samo 1220 RSD, dok redovna, maloprodajna cena 1525 RSD. Ove crvene kerami\u010dke plo\u010dice, obogatit \u0107e svaki prostor. Debljina 9 mm \u010dini plo\u010dicu vrlo izdr\u017eljivom i prijatnom na dodir. Veli\u010dina ove plo\u010dice je 45&#215;45 cm.<\/p>\n<p>Kliknite na ime serije za sve plo\u010dice u toj seriji: <a class=\"pdfcatal\" href=\"\/\/www.ceramictiles.com\/pdf\/e-ceramica\/ceramic_tiles_catalogue.pdf\" onclick=\"recordOutboundLink(this, 'E-mail', 'Description PDF');return false;\">e-Ceramica Watson<\/a><\/p>\n<p>Da bi naru\u010dili model iz PDF kataloga ove serije, molimo vas, da nas kontaktirate na: <a href=\"mailto:zo_mi@ceramictiles.com\" onclick=\"recordOutboundLink(this, 'E-mail', 'Description mail');return false;\">zo_mi@ceramictiles.com<\/a> ili nas pozovite na: For exact offer, PLS send us quantity and product you need with delivery address..<\/p>\n<p>Technical description: Full pallet orders only<\/p>\n","protected":false},"excerpt":{"rendered":"<p>Watson Rojo je proizvod iz \u0160panije te je izuzetno kvalitetna. Online cena je samo 1220 RSD, dok redovna, maloprodajna cena 1525 RSD. Ove crvene kerami\u010dke plo\u010dice, obogatit \u0107e svaki prostor. Debljina 9 mm \u010dini plo\u010dicu vrlo izdr\u017eljivom i prijatnom na dodir. Veli\u010dina ove plo\u010dice je 45&#215;45 cm. Kliknite na ime serije za sve plo\u010dice u [&hellip;]<\/p>\n","protected":false},"featured_media":95902,"template":"","meta":[],"product_cat":[210,99921414,200,999],"product_tag":[],"_links":{"self":[{"href":"https:\/\/www.keramika.com\/srbija\/wp-json\/wp\/v2\/product\/95901"}],"collection":[{"href":"https:\/\/www.keramika.com\/srbija\/wp-json\/wp\/v2\/product"}],"about":[{"href":"https:\/\/www.keramika.com\/srbija\/wp-json\/wp\/v2\/types\/product"}],"wp:featuredmedia":[{"embeddable":true,"href":"https:\/\/www.keramika.com\/srbija\/wp-json\/wp\/v2\/media\/95902"}],"wp:attachment":[{"href":"https:\/\/www.keramika.com\/srbija\/wp-json\/wp\/v2\/media?parent=95901"}],"wp:term":[{"taxonomy":"product_cat","embeddable":true,"href":"https:\/\/www.keramika.com\/srbija\/wp-json\/wp\/v2\/product_cat?post=95901"},{"taxonomy":"product_tag","embeddable":true,"href":"https:\/\/www.keramika.com\/srbija\/wp-json\/wp\/v2\/product_tag?post=95901"}],"curies":[{"name":"wp","href":"https:\/\/api.w.org\/{rel}","templated":true}]}}