{"id":95891,"date":"2017-07-02T11:41:14","date_gmt":"2017-07-02T11:41:14","guid":{"rendered":"http:\/\/www.ceramictiles.com\/srbija\/product\/keramika-za-terase-valencia-tostado\/"},"modified":"2026-01-04T00:01:45","modified_gmt":"2026-01-04T00:01:45","slug":"keramika-za-terase-valencia-tostado","status":"publish","type":"product","link":"https:\/\/www.keramika.com\/srbija\/keramika-za-terase-valencia-tostado\/","title":{"rendered":"Keramika za terase Valencia Tostado"},"content":{"rendered":"<p>U maloprodaji bi morali za tu plo\u010dicu platiti 1460 RSD, online cena je samo 1167,5 RSD. Plo\u010dica je debela 9 mm, \u0161to je ubraja u tvrde plo\u010dice. Proizvodnja \u0160panije ,koja je poznata u svetu, kao jedana od najboljih proizvo\u0111a\u010da kerami\u010dkih plo\u010dica. Veli\u010dina 34&#215;34 cm je odli\u010dna za sve podloge. Ta kolekcija, model plo\u010dice, se prodaje najvi\u0161e crvene boje.<\/p>\n<p>Kliknite na ime serije za sve plo\u010dice u toj seriji: <a class=\"pdfcatal\" href=\"\/\/www.ceramictiles.com\/pdf\/e-ceramica\/ceramic_tiles_catalogue.pdf\" onclick=\"recordOutboundLink(this, 'E-mail', 'Description PDF');return false;\">e-Ceramica Valencia<\/a><\/p>\n<p>Da bi naru\u010dili model iz PDF kataloga ove serije, molimo vas, da nas kontaktirate na: <a href=\"mailto:zo_mi@ceramictiles.com\" onclick=\"recordOutboundLink(this, 'E-mail', 'Description mail');return false;\">zo_mi@ceramictiles.com<\/a> ili nas pozovite na: For exact offer, PLS send us quantity and product you need with delivery address..<\/p>\n<p>Technical description: Full pallet orders only<\/p>\n","protected":false},"excerpt":{"rendered":"<p>U maloprodaji bi morali za tu plo\u010dicu platiti 1460 RSD, online cena je samo 1167,5 RSD. Plo\u010dica je debela 9 mm, \u0161to je ubraja u tvrde plo\u010dice. Proizvodnja \u0160panije ,koja je poznata u svetu, kao jedana od najboljih proizvo\u0111a\u010da kerami\u010dkih plo\u010dica. Veli\u010dina 34&#215;34 cm je odli\u010dna za sve podloge. Ta kolekcija, model plo\u010dice, se prodaje [&hellip;]<\/p>\n","protected":false},"featured_media":95892,"template":"","meta":[],"product_cat":[210,99921414,200,999],"product_tag":[99950091],"_links":{"self":[{"href":"https:\/\/www.keramika.com\/srbija\/wp-json\/wp\/v2\/product\/95891"}],"collection":[{"href":"https:\/\/www.keramika.com\/srbija\/wp-json\/wp\/v2\/product"}],"about":[{"href":"https:\/\/www.keramika.com\/srbija\/wp-json\/wp\/v2\/types\/product"}],"wp:featuredmedia":[{"embeddable":true,"href":"https:\/\/www.keramika.com\/srbija\/wp-json\/wp\/v2\/media\/95892"}],"wp:attachment":[{"href":"https:\/\/www.keramika.com\/srbija\/wp-json\/wp\/v2\/media?parent=95891"}],"wp:term":[{"taxonomy":"product_cat","embeddable":true,"href":"https:\/\/www.keramika.com\/srbija\/wp-json\/wp\/v2\/product_cat?post=95891"},{"taxonomy":"product_tag","embeddable":true,"href":"https:\/\/www.keramika.com\/srbija\/wp-json\/wp\/v2\/product_tag?post=95891"}],"curies":[{"name":"wp","href":"https:\/\/api.w.org\/{rel}","templated":true}]}}