{"id":95887,"date":"2017-07-02T11:40:36","date_gmt":"2017-07-02T11:40:36","guid":{"rendered":"http:\/\/www.ceramictiles.com\/srbija\/product\/podne-plocice-torino-roble\/"},"modified":"2026-01-04T00:01:44","modified_gmt":"2026-01-04T00:01:44","slug":"podne-plocice-torino-roble","status":"publish","type":"product","link":"https:\/\/www.keramika.com\/srbija\/podne-plocice-torino-roble\/","title":{"rendered":"Podne plo\u010dice Torino Roble"},"content":{"rendered":"<p>Keramika je prekrasne braon boje. U koliko \u017eelite neku drugu boju, pozovite nas i mi \u0107emo proveriti kod proizvo\u0111a\u010da. Plo\u010dica 45&#215;45 cm je dobra za ve\u0107 razli\u010ditih namena. 9 mm debljina \u0107e zadovoljiti i najzahtevnije kupce. Torino Roble je dostupna po vrlo povoljnim cenama 1142,5 RSD. plo\u010dica proizvo\u0111a\u010da e-Ceramica iz \u0160panije.<\/p>\n<p>Kliknite na ime serije za sve plo\u010dice u toj seriji: <a class=\"pdfcatal\" href=\"\/\/www.ceramictiles.com\/pdf\/e-ceramica\/ceramic_tiles_catalogue.pdf\" onclick=\"recordOutboundLink(this, 'E-mail', 'Description PDF');return false;\">e-Ceramica Torino<\/a><\/p>\n<p>Da bi naru\u010dili model iz PDF kataloga ove serije, molimo vas, da nas kontaktirate na: <a href=\"mailto:zo_mi@ceramictiles.com\" onclick=\"recordOutboundLink(this, 'E-mail', 'Description mail');return false;\">zo_mi@ceramictiles.com<\/a> ili nas pozovite na: For exact offer, PLS send us quantity and product you need with delivery address..<\/p>\n<p>Technical description: Full pallet orders only<\/p>\n","protected":false},"excerpt":{"rendered":"<p>Keramika je prekrasne braon boje. U koliko \u017eelite neku drugu boju, pozovite nas i mi \u0107emo proveriti kod proizvo\u0111a\u010da. Plo\u010dica 45&#215;45 cm je dobra za ve\u0107 razli\u010ditih namena. 9 mm debljina \u0107e zadovoljiti i najzahtevnije kupce. Torino Roble je dostupna po vrlo povoljnim cenama 1142,5 RSD. plo\u010dica proizvo\u0111a\u010da e-Ceramica iz \u0160panije. Kliknite na ime serije [&hellip;]<\/p>\n","protected":false},"featured_media":95888,"template":"","meta":[],"product_cat":[210,99921414,200,999],"product_tag":[],"_links":{"self":[{"href":"https:\/\/www.keramika.com\/srbija\/wp-json\/wp\/v2\/product\/95887"}],"collection":[{"href":"https:\/\/www.keramika.com\/srbija\/wp-json\/wp\/v2\/product"}],"about":[{"href":"https:\/\/www.keramika.com\/srbija\/wp-json\/wp\/v2\/types\/product"}],"wp:featuredmedia":[{"embeddable":true,"href":"https:\/\/www.keramika.com\/srbija\/wp-json\/wp\/v2\/media\/95888"}],"wp:attachment":[{"href":"https:\/\/www.keramika.com\/srbija\/wp-json\/wp\/v2\/media?parent=95887"}],"wp:term":[{"taxonomy":"product_cat","embeddable":true,"href":"https:\/\/www.keramika.com\/srbija\/wp-json\/wp\/v2\/product_cat?post=95887"},{"taxonomy":"product_tag","embeddable":true,"href":"https:\/\/www.keramika.com\/srbija\/wp-json\/wp\/v2\/product_tag?post=95887"}],"curies":[{"name":"wp","href":"https:\/\/api.w.org\/{rel}","templated":true}]}}