{"id":95873,"date":"2017-07-02T11:38:03","date_gmt":"2017-07-02T11:38:03","guid":{"rendered":"http:\/\/www.ceramictiles.com\/srbija\/product\/dekorativne-plocice-sparta\/"},"modified":"2026-01-04T00:01:42","modified_gmt":"2026-01-04T00:01:42","slug":"dekorativne-plocice-sparta","status":"publish","type":"product","link":"https:\/\/www.keramika.com\/srbija\/dekorativne-plocice-sparta\/","title":{"rendered":"Dekorativne plo\u010dice Sparta"},"content":{"rendered":"<p>Izuzetno moderne plo\u010dice bele boje, osve\u017eit \u0107e svaki prostor. Zbog ni\u017eih tro\u0161kova, online prodaje, Vi \u0107e te na na\u0161oj strani ove plo\u010de platiti samo 1220 RSD. Sparta je proizvod iz \u0160panije te je izuzetno kvalitetna. Veli\u010dina ove plo\u010dice je 45&#215;45 cm. 9 mm debljine je dovoljno za zahtevnije kupce.<\/p>\n<p>Kliknite na ime serije za sve plo\u010dice u toj seriji: <a class=\"pdfcatal\" href=\"\/\/www.ceramictiles.com\/pdf\/e-ceramica\/ceramic_tiles_catalogue.pdf\" onclick=\"recordOutboundLink(this, 'E-mail', 'Description PDF');return false;\">e-Ceramica Sparta<\/a><\/p>\n<p>Da bi naru\u010dili model iz PDF kataloga ove serije, molimo vas, da nas kontaktirate na: <a href=\"mailto:zo_mi@ceramictiles.com\" onclick=\"recordOutboundLink(this, 'E-mail', 'Description mail');return false;\">zo_mi@ceramictiles.com<\/a> ili nas pozovite na: For exact offer, PLS send us quantity and product you need with delivery address..<\/p>\n<p>Technical description: Full pallet orders only<\/p>\n","protected":false},"excerpt":{"rendered":"<p>Izuzetno moderne plo\u010dice bele boje, osve\u017eit \u0107e svaki prostor. Zbog ni\u017eih tro\u0161kova, online prodaje, Vi \u0107e te na na\u0161oj strani ove plo\u010de platiti samo 1220 RSD. Sparta je proizvod iz \u0160panije te je izuzetno kvalitetna. Veli\u010dina ove plo\u010dice je 45&#215;45 cm. 9 mm debljine je dovoljno za zahtevnije kupce. Kliknite na ime serije za sve [&hellip;]<\/p>\n","protected":false},"featured_media":95874,"template":"","meta":[],"product_cat":[210,99921414,200,999],"product_tag":[],"_links":{"self":[{"href":"https:\/\/www.keramika.com\/srbija\/wp-json\/wp\/v2\/product\/95873"}],"collection":[{"href":"https:\/\/www.keramika.com\/srbija\/wp-json\/wp\/v2\/product"}],"about":[{"href":"https:\/\/www.keramika.com\/srbija\/wp-json\/wp\/v2\/types\/product"}],"wp:featuredmedia":[{"embeddable":true,"href":"https:\/\/www.keramika.com\/srbija\/wp-json\/wp\/v2\/media\/95874"}],"wp:attachment":[{"href":"https:\/\/www.keramika.com\/srbija\/wp-json\/wp\/v2\/media?parent=95873"}],"wp:term":[{"taxonomy":"product_cat","embeddable":true,"href":"https:\/\/www.keramika.com\/srbija\/wp-json\/wp\/v2\/product_cat?post=95873"},{"taxonomy":"product_tag","embeddable":true,"href":"https:\/\/www.keramika.com\/srbija\/wp-json\/wp\/v2\/product_tag?post=95873"}],"curies":[{"name":"wp","href":"https:\/\/api.w.org\/{rel}","templated":true}]}}