{"id":95853,"date":"2017-07-02T11:34:49","date_gmt":"2017-07-02T11:34:49","guid":{"rendered":"http:\/\/www.ceramictiles.com\/srbija\/product\/zidna-dekorativna-keramika-sadya-mosaico-mix\/"},"modified":"2026-01-04T00:01:39","modified_gmt":"2026-01-04T00:01:39","slug":"zidna-dekorativna-keramika-sadya-mosaico-mix","status":"publish","type":"product","link":"https:\/\/www.keramika.com\/srbija\/zidna-dekorativna-keramika-sadya-mosaico-mix\/","title":{"rendered":"Zidna dekorativna keramika Sadya Mosaico Mix"},"content":{"rendered":"<p>Veli\u010dina plo\u010dice je 24,2&#215;68,5 cm i odli\u010dna je za razli\u010dite povr\u0161ine. Ove braon kerami\u010dke plo\u010dice, obogatit \u0107e svaki prostor. Sadya Mosaico Mix je dostupna po vrlo povoljnim cenama 1570 RSD. 9 mm debljina \u0107e zadovoljiti i najzahtevnije kupce. Plo\u010dice dolaze iz \u0160panije, koja je poznata po kvalitetnoj keramiki.<\/p>\n<p>Kliknite na ime serije za sve plo\u010dice u toj seriji: <a class=\"pdfcatal\" href=\"\/\/www.ceramictiles.com\/pdf\/e-ceramica\/ceramic_tiles_catalogue.pdf\" onclick=\"recordOutboundLink(this, 'E-mail', 'Description PDF');return false;\">e-Ceramica Sadya Mosaico<\/a><\/p>\n<p>Da bi naru\u010dili model iz PDF kataloga ove serije, molimo vas, da nas kontaktirate na: <a href=\"mailto:zo_mi@ceramictiles.com\" onclick=\"recordOutboundLink(this, 'E-mail', 'Description mail');return false;\">zo_mi@ceramictiles.com<\/a> ili nas pozovite na: For exact offer, PLS send us quantity and product you need with delivery address..<\/p>\n<p>Technical description: Full pallet orders only<\/p>\n","protected":false},"excerpt":{"rendered":"<p>Veli\u010dina plo\u010dice je 24,2&#215;68,5 cm i odli\u010dna je za razli\u010dite povr\u0161ine. Ove braon kerami\u010dke plo\u010dice, obogatit \u0107e svaki prostor. Sadya Mosaico Mix je dostupna po vrlo povoljnim cenama 1570 RSD. 9 mm debljina \u0107e zadovoljiti i najzahtevnije kupce. Plo\u010dice dolaze iz \u0160panije, koja je poznata po kvalitetnoj keramiki. Kliknite na ime serije za sve plo\u010dice [&hellip;]<\/p>\n","protected":false},"featured_media":95854,"template":"","meta":[],"product_cat":[210,99921414,200,999],"product_tag":[],"_links":{"self":[{"href":"https:\/\/www.keramika.com\/srbija\/wp-json\/wp\/v2\/product\/95853"}],"collection":[{"href":"https:\/\/www.keramika.com\/srbija\/wp-json\/wp\/v2\/product"}],"about":[{"href":"https:\/\/www.keramika.com\/srbija\/wp-json\/wp\/v2\/types\/product"}],"wp:featuredmedia":[{"embeddable":true,"href":"https:\/\/www.keramika.com\/srbija\/wp-json\/wp\/v2\/media\/95854"}],"wp:attachment":[{"href":"https:\/\/www.keramika.com\/srbija\/wp-json\/wp\/v2\/media?parent=95853"}],"wp:term":[{"taxonomy":"product_cat","embeddable":true,"href":"https:\/\/www.keramika.com\/srbija\/wp-json\/wp\/v2\/product_cat?post=95853"},{"taxonomy":"product_tag","embeddable":true,"href":"https:\/\/www.keramika.com\/srbija\/wp-json\/wp\/v2\/product_tag?post=95853"}],"curies":[{"name":"wp","href":"https:\/\/api.w.org\/{rel}","templated":true}]}}