{"id":95841,"date":"2017-07-02T11:32:52","date_gmt":"2017-07-02T11:32:52","guid":{"rendered":"http:\/\/www.ceramictiles.com\/srbija\/product\/zidne-plocice-rapolano-gris\/"},"modified":"2026-01-04T00:01:38","modified_gmt":"2026-01-04T00:01:38","slug":"zidne-plocice-rapolano-gris","status":"publish","type":"product","link":"https:\/\/www.keramika.com\/srbija\/zidne-plocice-rapolano-gris\/","title":{"rendered":"Zidne plo\u010dice Rapolano Gris"},"content":{"rendered":"<p>9 mm debljine je dovoljno za zahtevnije kupce. Rapolano Gris je proizvod iz \u0160panije te je izuzetno kvalitetna. Umesto 1435 RSD \u0161to je redovna maloprodajna cena keramike, u na\u0161oj online prodavnici, je mo\u017eete dobiti za samo 1147,5 RSD. Ove sive kerami\u010dke plo\u010dice, obogatit \u0107e svaki prostor. Veli\u010dina ove plo\u010dice je 31&#215;45 cm.<\/p>\n<p>Kliknite na ime serije za sve plo\u010dice u toj seriji: <a class=\"pdfcatal\" href=\"\/\/www.ceramictiles.com\/pdf\/e-ceramica\/ceramic_tiles_catalogue.pdf\" onclick=\"recordOutboundLink(this, 'E-mail', 'Description PDF');return false;\">e-Ceramica Rapolano<\/a><\/p>\n<p>Da bi naru\u010dili model iz PDF kataloga ove serije, molimo vas, da nas kontaktirate na: <a href=\"mailto:zo_mi@ceramictiles.com\" onclick=\"recordOutboundLink(this, 'E-mail', 'Description mail');return false;\">zo_mi@ceramictiles.com<\/a> ili nas pozovite na: For exact offer, PLS send us quantity and product you need with delivery address..<\/p>\n<p>Technical description: Full pallet orders only<\/p>\n","protected":false},"excerpt":{"rendered":"<p>9 mm debljine je dovoljno za zahtevnije kupce. Rapolano Gris je proizvod iz \u0160panije te je izuzetno kvalitetna. Umesto 1435 RSD \u0161to je redovna maloprodajna cena keramike, u na\u0161oj online prodavnici, je mo\u017eete dobiti za samo 1147,5 RSD. Ove sive kerami\u010dke plo\u010dice, obogatit \u0107e svaki prostor. Veli\u010dina ove plo\u010dice je 31&#215;45 cm. Kliknite na ime [&hellip;]<\/p>\n","protected":false},"featured_media":95842,"template":"","meta":[],"product_cat":[210,99921414,200,999],"product_tag":[],"_links":{"self":[{"href":"https:\/\/www.keramika.com\/srbija\/wp-json\/wp\/v2\/product\/95841"}],"collection":[{"href":"https:\/\/www.keramika.com\/srbija\/wp-json\/wp\/v2\/product"}],"about":[{"href":"https:\/\/www.keramika.com\/srbija\/wp-json\/wp\/v2\/types\/product"}],"wp:featuredmedia":[{"embeddable":true,"href":"https:\/\/www.keramika.com\/srbija\/wp-json\/wp\/v2\/media\/95842"}],"wp:attachment":[{"href":"https:\/\/www.keramika.com\/srbija\/wp-json\/wp\/v2\/media?parent=95841"}],"wp:term":[{"taxonomy":"product_cat","embeddable":true,"href":"https:\/\/www.keramika.com\/srbija\/wp-json\/wp\/v2\/product_cat?post=95841"},{"taxonomy":"product_tag","embeddable":true,"href":"https:\/\/www.keramika.com\/srbija\/wp-json\/wp\/v2\/product_tag?post=95841"}],"curies":[{"name":"wp","href":"https:\/\/api.w.org\/{rel}","templated":true}]}}