{"id":95803,"date":"2017-07-02T11:26:23","date_gmt":"2017-07-02T11:26:23","guid":{"rendered":"http:\/\/www.ceramictiles.com\/srbija\/product\/zidna-dekorativna-keramika-mosaico-classic-mix\/"},"modified":"2026-01-04T00:01:33","modified_gmt":"2026-01-04T00:01:33","slug":"zidna-dekorativna-keramika-mosaico-classic-mix","status":"publish","type":"product","link":"https:\/\/www.keramika.com\/srbija\/zidna-dekorativna-keramika-mosaico-classic-mix\/","title":{"rendered":"Zidna dekorativna keramika Mosaico Classic Mix"},"content":{"rendered":"<p>Redovna cena, ovih plo\u010dica u maloprodaji je 1525 RSD. U na\u0161oj online trgovini, je mo\u017eete kupiti za 1220 RSD. 9 mm debljina \u0107e zadovoljiti i najzahtevnije kupce. Plo\u010dica na sliki je 31&#215;45 cm. Ove plo\u010dice dolaze od proizvo\u0111a\u010da e-Ceramica, iz \u0160panije. Plo\u010dice bele boje, su letos izuzetno tre\u017eene.<\/p>\n<p>Kliknite na ime serije za sve plo\u010dice u toj seriji: <a class=\"pdfcatal\" href=\"\/\/www.ceramictiles.com\/pdf\/e-ceramica\/ceramic_tiles_catalogue.pdf\" onclick=\"recordOutboundLink(this, 'E-mail', 'Description PDF');return false;\">e-Ceramica Mosaico Classic<\/a><\/p>\n<p>Da bi naru\u010dili model iz PDF kataloga ove serije, molimo vas, da nas kontaktirate na: <a href=\"mailto:zo_mi@ceramictiles.com\" onclick=\"recordOutboundLink(this, 'E-mail', 'Description mail');return false;\">zo_mi@ceramictiles.com<\/a> ili nas pozovite na: For exact offer, PLS send us quantity and product you need with delivery address..<\/p>\n<p>Technical description: Full pallet orders only<\/p>\n","protected":false},"excerpt":{"rendered":"<p>Redovna cena, ovih plo\u010dica u maloprodaji je 1525 RSD. U na\u0161oj online trgovini, je mo\u017eete kupiti za 1220 RSD. 9 mm debljina \u0107e zadovoljiti i najzahtevnije kupce. Plo\u010dica na sliki je 31&#215;45 cm. Ove plo\u010dice dolaze od proizvo\u0111a\u010da e-Ceramica, iz \u0160panije. Plo\u010dice bele boje, su letos izuzetno tre\u017eene. Kliknite na ime serije za sve plo\u010dice [&hellip;]<\/p>\n","protected":false},"featured_media":95804,"template":"","meta":[],"product_cat":[210,99921414,200,999],"product_tag":[],"_links":{"self":[{"href":"https:\/\/www.keramika.com\/srbija\/wp-json\/wp\/v2\/product\/95803"}],"collection":[{"href":"https:\/\/www.keramika.com\/srbija\/wp-json\/wp\/v2\/product"}],"about":[{"href":"https:\/\/www.keramika.com\/srbija\/wp-json\/wp\/v2\/types\/product"}],"wp:featuredmedia":[{"embeddable":true,"href":"https:\/\/www.keramika.com\/srbija\/wp-json\/wp\/v2\/media\/95804"}],"wp:attachment":[{"href":"https:\/\/www.keramika.com\/srbija\/wp-json\/wp\/v2\/media?parent=95803"}],"wp:term":[{"taxonomy":"product_cat","embeddable":true,"href":"https:\/\/www.keramika.com\/srbija\/wp-json\/wp\/v2\/product_cat?post=95803"},{"taxonomy":"product_tag","embeddable":true,"href":"https:\/\/www.keramika.com\/srbija\/wp-json\/wp\/v2\/product_tag?post=95803"}],"curies":[{"name":"wp","href":"https:\/\/api.w.org\/{rel}","templated":true}]}}