{"id":95787,"date":"2017-07-02T11:23:34","date_gmt":"2017-07-02T11:23:34","guid":{"rendered":"http:\/\/www.ceramictiles.com\/srbija\/product\/zidna-dekorativna-keramika-marmol-mosaico-mix\/"},"modified":"2026-01-04T00:01:31","modified_gmt":"2026-01-04T00:01:31","slug":"zidna-dekorativna-keramika-marmol-mosaico-mix","status":"publish","type":"product","link":"https:\/\/www.keramika.com\/srbija\/zidna-dekorativna-keramika-marmol-mosaico-mix\/","title":{"rendered":"Zidna dekorativna keramika Marmol Mosaico Mix"},"content":{"rendered":"<p>Marmol Mosaico Mix je proizvod iz \u0160panije te je izuzetno kvalitetna. U maloprodaji bi morali za tu plo\u010dicu platiti 1685 RSD, online cena je samo 1347,5 RSD. Plo\u010dica 20&#215;50 cm je dobra za ve\u0107 razli\u010ditih namena. Ove sive kerami\u010dke plo\u010dice, obogatit \u0107e svaki prostor. 9 mm debljine je dovoljno za zahtevnije kupce.<\/p>\n<p>Kliknite na ime serije za sve plo\u010dice u toj seriji: <a class=\"pdfcatal\" href=\"\/\/www.ceramictiles.com\/pdf\/e-ceramica\/ceramic_tiles_catalogue.pdf\" onclick=\"recordOutboundLink(this, 'E-mail', 'Description PDF');return false;\">e-Ceramica Marmol Mosaico<\/a><\/p>\n<p>Da bi naru\u010dili model iz PDF kataloga ove serije, molimo vas, da nas kontaktirate na: <a href=\"mailto:zo_mi@ceramictiles.com\" onclick=\"recordOutboundLink(this, 'E-mail', 'Description mail');return false;\">zo_mi@ceramictiles.com<\/a> ili nas pozovite na: For exact offer, PLS send us quantity and product you need with delivery address..<\/p>\n<p>Technical description: Full pallet orders only<\/p>\n","protected":false},"excerpt":{"rendered":"<p>Marmol Mosaico Mix je proizvod iz \u0160panije te je izuzetno kvalitetna. U maloprodaji bi morali za tu plo\u010dicu platiti 1685 RSD, online cena je samo 1347,5 RSD. Plo\u010dica 20&#215;50 cm je dobra za ve\u0107 razli\u010ditih namena. Ove sive kerami\u010dke plo\u010dice, obogatit \u0107e svaki prostor. 9 mm debljine je dovoljno za zahtevnije kupce. Kliknite na ime [&hellip;]<\/p>\n","protected":false},"featured_media":95788,"template":"","meta":[],"product_cat":[210,99921414,200,999],"product_tag":[],"_links":{"self":[{"href":"https:\/\/www.keramika.com\/srbija\/wp-json\/wp\/v2\/product\/95787"}],"collection":[{"href":"https:\/\/www.keramika.com\/srbija\/wp-json\/wp\/v2\/product"}],"about":[{"href":"https:\/\/www.keramika.com\/srbija\/wp-json\/wp\/v2\/types\/product"}],"wp:featuredmedia":[{"embeddable":true,"href":"https:\/\/www.keramika.com\/srbija\/wp-json\/wp\/v2\/media\/95788"}],"wp:attachment":[{"href":"https:\/\/www.keramika.com\/srbija\/wp-json\/wp\/v2\/media?parent=95787"}],"wp:term":[{"taxonomy":"product_cat","embeddable":true,"href":"https:\/\/www.keramika.com\/srbija\/wp-json\/wp\/v2\/product_cat?post=95787"},{"taxonomy":"product_tag","embeddable":true,"href":"https:\/\/www.keramika.com\/srbija\/wp-json\/wp\/v2\/product_tag?post=95787"}],"curies":[{"name":"wp","href":"https:\/\/api.w.org\/{rel}","templated":true}]}}