{"id":95779,"date":"2017-07-02T11:22:12","date_gmt":"2017-07-02T11:22:12","guid":{"rendered":"http:\/\/www.ceramictiles.com\/srbija\/product\/keramika-imitacija-drveta-lido-teka\/"},"modified":"2026-01-04T00:01:30","modified_gmt":"2026-01-04T00:01:30","slug":"keramika-imitacija-drveta-lido-teka","status":"publish","type":"product","link":"https:\/\/www.keramika.com\/srbija\/keramika-imitacija-drveta-lido-teka\/","title":{"rendered":"Keramika imitacija drveta Lido Teka"},"content":{"rendered":"<p>Ova plo\u010dica je debela 9 mm i zato je izuzetno izdr\u017eljiva. Plo\u010dice braon boje osvje\u017eit \u0107e svaki prostor. Online cena je samo 1220 RSD, dok redovna, maloprodajna cena 1525 RSD. \u0160irina i du\u017eina plo\u010dice su 45&#215;45 cm. Ove plo\u010dice dolaze od proizvo\u0111a\u010da e-Ceramica, iz \u0160panije.<\/p>\n<p>Kliknite na ime serije za sve plo\u010dice u toj seriji: <a class=\"pdfcatal\" href=\"\/\/www.ceramictiles.com\/pdf\/e-ceramica\/ceramic_tiles_catalogue.pdf\" onclick=\"recordOutboundLink(this, 'E-mail', 'Description PDF');return false;\">e-Ceramica Lido<\/a><\/p>\n<p>Da bi naru\u010dili model iz PDF kataloga ove serije, molimo vas, da nas kontaktirate na: <a href=\"mailto:zo_mi@ceramictiles.com\" onclick=\"recordOutboundLink(this, 'E-mail', 'Description mail');return false;\">zo_mi@ceramictiles.com<\/a> ili nas pozovite na: For exact offer, PLS send us quantity and product you need with delivery address..<\/p>\n<p>Technical description: Full pallet orders only<\/p>\n","protected":false},"excerpt":{"rendered":"<p>Ova plo\u010dica je debela 9 mm i zato je izuzetno izdr\u017eljiva. Plo\u010dice braon boje osvje\u017eit \u0107e svaki prostor. Online cena je samo 1220 RSD, dok redovna, maloprodajna cena 1525 RSD. \u0160irina i du\u017eina plo\u010dice su 45&#215;45 cm. Ove plo\u010dice dolaze od proizvo\u0111a\u010da e-Ceramica, iz \u0160panije. Kliknite na ime serije za sve plo\u010dice u toj seriji: [&hellip;]<\/p>\n","protected":false},"featured_media":95780,"template":"","meta":[],"product_cat":[210,99921414,200,999],"product_tag":[99950095],"_links":{"self":[{"href":"https:\/\/www.keramika.com\/srbija\/wp-json\/wp\/v2\/product\/95779"}],"collection":[{"href":"https:\/\/www.keramika.com\/srbija\/wp-json\/wp\/v2\/product"}],"about":[{"href":"https:\/\/www.keramika.com\/srbija\/wp-json\/wp\/v2\/types\/product"}],"wp:featuredmedia":[{"embeddable":true,"href":"https:\/\/www.keramika.com\/srbija\/wp-json\/wp\/v2\/media\/95780"}],"wp:attachment":[{"href":"https:\/\/www.keramika.com\/srbija\/wp-json\/wp\/v2\/media?parent=95779"}],"wp:term":[{"taxonomy":"product_cat","embeddable":true,"href":"https:\/\/www.keramika.com\/srbija\/wp-json\/wp\/v2\/product_cat?post=95779"},{"taxonomy":"product_tag","embeddable":true,"href":"https:\/\/www.keramika.com\/srbija\/wp-json\/wp\/v2\/product_tag?post=95779"}],"curies":[{"name":"wp","href":"https:\/\/api.w.org\/{rel}","templated":true}]}}