{"id":95777,"date":"2017-07-02T11:21:52","date_gmt":"2017-07-02T11:21:52","guid":{"rendered":"http:\/\/www.ceramictiles.com\/srbija\/product\/keramika-imitacija-drveta-legend-blanco\/"},"modified":"2026-01-04T00:01:29","modified_gmt":"2026-01-04T00:01:29","slug":"keramika-imitacija-drveta-legend-blanco","status":"publish","type":"product","link":"https:\/\/www.keramika.com\/srbija\/keramika-imitacija-drveta-legend-blanco\/","title":{"rendered":"Keramika imitacija drveta Legend Blanco"},"content":{"rendered":"<p>9 mm debljine je dovoljno za zahtevnije kupce. Izuzetno moderne plo\u010dice braon boje, osve\u017eit \u0107e svaki prostor. Proizvodnja \u0160panije ,koja je poznata u svetu, kao jedana od najboljih proizvo\u0111a\u010da kerami\u010dkih plo\u010dica. 1427,5 RSD je redovna prodajna cena keramike, tu pa samo 1142,5 RSD. Plo\u010dica 45&#215;45 cm je dobra za ve\u0107 razli\u010ditih namena.<\/p>\n<p>Kliknite na ime serije za sve plo\u010dice u toj seriji: <a class=\"pdfcatal\" href=\"\/\/www.ceramictiles.com\/pdf\/e-ceramica\/ceramic_tiles_catalogue.pdf\" onclick=\"recordOutboundLink(this, 'E-mail', 'Description PDF');return false;\">e-Ceramica Legend<\/a><\/p>\n<p>Da bi naru\u010dili model iz PDF kataloga ove serije, molimo vas, da nas kontaktirate na: <a href=\"mailto:zo_mi@ceramictiles.com\" onclick=\"recordOutboundLink(this, 'E-mail', 'Description mail');return false;\">zo_mi@ceramictiles.com<\/a> ili nas pozovite na: For exact offer, PLS send us quantity and product you need with delivery address..<\/p>\n<p>Technical description: Full pallet orders only<\/p>\n","protected":false},"excerpt":{"rendered":"<p>9 mm debljine je dovoljno za zahtevnije kupce. Izuzetno moderne plo\u010dice braon boje, osve\u017eit \u0107e svaki prostor. Proizvodnja \u0160panije ,koja je poznata u svetu, kao jedana od najboljih proizvo\u0111a\u010da kerami\u010dkih plo\u010dica. 1427,5 RSD je redovna prodajna cena keramike, tu pa samo 1142,5 RSD. Plo\u010dica 45&#215;45 cm je dobra za ve\u0107 razli\u010ditih namena. Kliknite na ime [&hellip;]<\/p>\n","protected":false},"featured_media":95778,"template":"","meta":[],"product_cat":[210,99921414,200,999],"product_tag":[99950095],"_links":{"self":[{"href":"https:\/\/www.keramika.com\/srbija\/wp-json\/wp\/v2\/product\/95777"}],"collection":[{"href":"https:\/\/www.keramika.com\/srbija\/wp-json\/wp\/v2\/product"}],"about":[{"href":"https:\/\/www.keramika.com\/srbija\/wp-json\/wp\/v2\/types\/product"}],"wp:featuredmedia":[{"embeddable":true,"href":"https:\/\/www.keramika.com\/srbija\/wp-json\/wp\/v2\/media\/95778"}],"wp:attachment":[{"href":"https:\/\/www.keramika.com\/srbija\/wp-json\/wp\/v2\/media?parent=95777"}],"wp:term":[{"taxonomy":"product_cat","embeddable":true,"href":"https:\/\/www.keramika.com\/srbija\/wp-json\/wp\/v2\/product_cat?post=95777"},{"taxonomy":"product_tag","embeddable":true,"href":"https:\/\/www.keramika.com\/srbija\/wp-json\/wp\/v2\/product_tag?post=95777"}],"curies":[{"name":"wp","href":"https:\/\/api.w.org\/{rel}","templated":true}]}}