{"id":95773,"date":"2017-07-02T11:21:11","date_gmt":"2017-07-02T11:21:11","guid":{"rendered":"http:\/\/www.ceramictiles.com\/srbija\/product\/plocice-za-dnevnu-sobu-kalos-grey\/"},"modified":"2026-01-04T00:01:29","modified_gmt":"2026-01-04T00:01:29","slug":"plocice-za-dnevnu-sobu-kalos-grey","status":"publish","type":"product","link":"https:\/\/www.keramika.com\/srbija\/plocice-za-dnevnu-sobu-kalos-grey\/","title":{"rendered":"Plo\u010dice za dnevnu sobu Kalos Grey"},"content":{"rendered":"<p>U maloprodaji bi morali za tu plo\u010dicu platiti 2285 RSD, online cena je samo 1827,5 RSD. Plo\u010dice sive boje, su letos izuzetno tre\u017eene. 9 mm debljina \u0107e zadovoljiti i najzahtevnije kupce. Kalos Grey je proizvod iz \u0160panije te je izuzetno kvalitetna. Plo\u010dica na sliki je 60&#215;60 cm.<\/p>\n<p>Kliknite na ime serije za sve plo\u010dice u toj seriji: <a class=\"pdfcatal\" href=\"\/\/www.ceramictiles.com\/pdf\/e-ceramica\/ceramic_tiles_catalogue.pdf\" onclick=\"recordOutboundLink(this, 'E-mail', 'Description PDF');return false;\">e-Ceramica Kalos<\/a><\/p>\n<p>Da bi naru\u010dili model iz PDF kataloga ove serije, molimo vas, da nas kontaktirate na: <a href=\"mailto:zo_mi@ceramictiles.com\" onclick=\"recordOutboundLink(this, 'E-mail', 'Description mail');return false;\">zo_mi@ceramictiles.com<\/a> ili nas pozovite na: For exact offer, PLS send us quantity and product you need with delivery address..<\/p>\n<p>Technical description: 60,5&#215;60,5<\/p>\n<p>Full pallet orders only<\/p>\n","protected":false},"excerpt":{"rendered":"<p>U maloprodaji bi morali za tu plo\u010dicu platiti 2285 RSD, online cena je samo 1827,5 RSD. Plo\u010dice sive boje, su letos izuzetno tre\u017eene. 9 mm debljina \u0107e zadovoljiti i najzahtevnije kupce. Kalos Grey je proizvod iz \u0160panije te je izuzetno kvalitetna. Plo\u010dica na sliki je 60&#215;60 cm. Kliknite na ime serije za sve plo\u010dice u [&hellip;]<\/p>\n","protected":false},"featured_media":95774,"template":"","meta":[],"product_cat":[210,99921414,200,999],"product_tag":[99950097],"_links":{"self":[{"href":"https:\/\/www.keramika.com\/srbija\/wp-json\/wp\/v2\/product\/95773"}],"collection":[{"href":"https:\/\/www.keramika.com\/srbija\/wp-json\/wp\/v2\/product"}],"about":[{"href":"https:\/\/www.keramika.com\/srbija\/wp-json\/wp\/v2\/types\/product"}],"wp:featuredmedia":[{"embeddable":true,"href":"https:\/\/www.keramika.com\/srbija\/wp-json\/wp\/v2\/media\/95774"}],"wp:attachment":[{"href":"https:\/\/www.keramika.com\/srbija\/wp-json\/wp\/v2\/media?parent=95773"}],"wp:term":[{"taxonomy":"product_cat","embeddable":true,"href":"https:\/\/www.keramika.com\/srbija\/wp-json\/wp\/v2\/product_cat?post=95773"},{"taxonomy":"product_tag","embeddable":true,"href":"https:\/\/www.keramika.com\/srbija\/wp-json\/wp\/v2\/product_tag?post=95773"}],"curies":[{"name":"wp","href":"https:\/\/api.w.org\/{rel}","templated":true}]}}