{"id":95757,"date":"2017-07-02T11:17:51","date_gmt":"2017-07-02T11:17:51","guid":{"rendered":"http:\/\/www.ceramictiles.com\/srbija\/product\/podne-porcelanske-plocice-harmony-crema\/"},"modified":"2026-01-04T00:01:27","modified_gmt":"2026-01-04T00:01:27","slug":"podne-porcelanske-plocice-harmony-crema","status":"publish","type":"product","link":"https:\/\/www.keramika.com\/srbija\/podne-porcelanske-plocice-harmony-crema\/","title":{"rendered":"Podne porcelanske plo\u010dice Harmony Crema"},"content":{"rendered":"<p>2218,75 RSD je redovna prodajna cena keramike, tu pa samo 1775 RSD. 9 mm debljine je dovoljno za zahtevnije kupce. Veli\u010dina ove plo\u010dice je 56,5&#215;56,5 cm. plo\u010dica proizvo\u0111a\u010da e-Ceramica iz \u0160panije. Ove be\u017e kerami\u010dke plo\u010dice, obogatit \u0107e svaki prostor.<\/p>\n<p>Kliknite na ime serije za sve plo\u010dice u toj seriji: <a class=\"pdfcatal\" href=\"\/\/www.ceramictiles.com\/pdf\/e-ceramica\/ceramic_tiles_catalogue.pdf\" onclick=\"recordOutboundLink(this, 'E-mail', 'Description PDF');return false;\">e-Ceramica Harmony<\/a><\/p>\n<p>Da bi naru\u010dili model iz PDF kataloga ove serije, molimo vas, da nas kontaktirate na: <a href=\"mailto:zo_mi@ceramictiles.com\" onclick=\"recordOutboundLink(this, 'E-mail', 'Description mail');return false;\">zo_mi@ceramictiles.com<\/a> ili nas pozovite na: For exact offer, PLS send us quantity and product you need with delivery address..<\/p>\n<p>Technical description: Full pallet orders only<\/p>\n","protected":false},"excerpt":{"rendered":"<p>2218,75 RSD je redovna prodajna cena keramike, tu pa samo 1775 RSD. 9 mm debljine je dovoljno za zahtevnije kupce. Veli\u010dina ove plo\u010dice je 56,5&#215;56,5 cm. plo\u010dica proizvo\u0111a\u010da e-Ceramica iz \u0160panije. Ove be\u017e kerami\u010dke plo\u010dice, obogatit \u0107e svaki prostor. Kliknite na ime serije za sve plo\u010dice u toj seriji: e-Ceramica Harmony Da bi naru\u010dili model [&hellip;]<\/p>\n","protected":false},"featured_media":95758,"template":"","meta":[],"product_cat":[210,99921414,200,999],"product_tag":[],"_links":{"self":[{"href":"https:\/\/www.keramika.com\/srbija\/wp-json\/wp\/v2\/product\/95757"}],"collection":[{"href":"https:\/\/www.keramika.com\/srbija\/wp-json\/wp\/v2\/product"}],"about":[{"href":"https:\/\/www.keramika.com\/srbija\/wp-json\/wp\/v2\/types\/product"}],"wp:featuredmedia":[{"embeddable":true,"href":"https:\/\/www.keramika.com\/srbija\/wp-json\/wp\/v2\/media\/95758"}],"wp:attachment":[{"href":"https:\/\/www.keramika.com\/srbija\/wp-json\/wp\/v2\/media?parent=95757"}],"wp:term":[{"taxonomy":"product_cat","embeddable":true,"href":"https:\/\/www.keramika.com\/srbija\/wp-json\/wp\/v2\/product_cat?post=95757"},{"taxonomy":"product_tag","embeddable":true,"href":"https:\/\/www.keramika.com\/srbija\/wp-json\/wp\/v2\/product_tag?post=95757"}],"curies":[{"name":"wp","href":"https:\/\/api.w.org\/{rel}","templated":true}]}}