{"id":95741,"date":"2017-07-02T11:14:46","date_gmt":"2017-07-02T11:14:46","guid":{"rendered":"http:\/\/www.ceramictiles.com\/srbija\/product\/zidna-dekorativna-keramika-florida-big-mix\/"},"modified":"2026-01-04T00:01:24","modified_gmt":"2026-01-04T00:01:24","slug":"zidna-dekorativna-keramika-florida-big-mix","status":"publish","type":"product","link":"https:\/\/www.keramika.com\/srbija\/zidna-dekorativna-keramika-florida-big-mix\/","title":{"rendered":"Zidna dekorativna keramika Florida Big Mix"},"content":{"rendered":"<p>Florida Big Mix je proizvod iz \u0160panije te je izuzetno kvalitetna. Debljina plo\u010dice, je vrlo va\u017ena 9 mm i ubraja tu plo\u010dicu me\u0111u najkvalitetnije. Plo\u010dica 31&#215;45 cm je dobra za ve\u0107 razli\u010ditih namena. U izboru plo\u010dica be\u017e boje, ne mo\u017eete pogre\u0161iti. Umesto 1743,75 RSD \u0161to je redovna maloprodajna cena keramike, u na\u0161oj online prodavnici, je mo\u017eete dobiti za samo 1395 RSD.<\/p>\n<p>Kliknite na ime serije za sve plo\u010dice u toj seriji: <a class=\"pdfcatal\" href=\"\/\/www.ceramictiles.com\/pdf\/e-ceramica\/ceramic_tiles_catalogue.pdf\" onclick=\"recordOutboundLink(this, 'E-mail', 'Description PDF');return false;\">e-Ceramica Florida<\/a><\/p>\n<p>Da bi naru\u010dili model iz PDF kataloga ove serije, molimo vas, da nas kontaktirate na: <a href=\"mailto:zo_mi@ceramictiles.com\" onclick=\"recordOutboundLink(this, 'E-mail', 'Description mail');return false;\">zo_mi@ceramictiles.com<\/a> ili nas pozovite na: For exact offer, PLS send us quantity and product you need with delivery address..<\/p>\n<p>Technical description: Full pallet orders only<\/p>\n","protected":false},"excerpt":{"rendered":"<p>Florida Big Mix je proizvod iz \u0160panije te je izuzetno kvalitetna. Debljina plo\u010dice, je vrlo va\u017ena 9 mm i ubraja tu plo\u010dicu me\u0111u najkvalitetnije. Plo\u010dica 31&#215;45 cm je dobra za ve\u0107 razli\u010ditih namena. U izboru plo\u010dica be\u017e boje, ne mo\u017eete pogre\u0161iti. Umesto 1743,75 RSD \u0161to je redovna maloprodajna cena keramike, u na\u0161oj online prodavnici, je [&hellip;]<\/p>\n","protected":false},"featured_media":95742,"template":"","meta":[],"product_cat":[210,99921414,200,999],"product_tag":[],"_links":{"self":[{"href":"https:\/\/www.keramika.com\/srbija\/wp-json\/wp\/v2\/product\/95741"}],"collection":[{"href":"https:\/\/www.keramika.com\/srbija\/wp-json\/wp\/v2\/product"}],"about":[{"href":"https:\/\/www.keramika.com\/srbija\/wp-json\/wp\/v2\/types\/product"}],"wp:featuredmedia":[{"embeddable":true,"href":"https:\/\/www.keramika.com\/srbija\/wp-json\/wp\/v2\/media\/95742"}],"wp:attachment":[{"href":"https:\/\/www.keramika.com\/srbija\/wp-json\/wp\/v2\/media?parent=95741"}],"wp:term":[{"taxonomy":"product_cat","embeddable":true,"href":"https:\/\/www.keramika.com\/srbija\/wp-json\/wp\/v2\/product_cat?post=95741"},{"taxonomy":"product_tag","embeddable":true,"href":"https:\/\/www.keramika.com\/srbija\/wp-json\/wp\/v2\/product_tag?post=95741"}],"curies":[{"name":"wp","href":"https:\/\/api.w.org\/{rel}","templated":true}]}}