{"id":95739,"date":"2017-07-02T11:14:28","date_gmt":"2017-07-02T11:14:28","guid":{"rendered":"http:\/\/www.ceramictiles.com\/srbija\/product\/podne-porcelanske-plocice-florence-blanco\/"},"modified":"2026-01-04T00:01:23","modified_gmt":"2026-01-04T00:01:23","slug":"podne-porcelanske-plocice-florence-blanco","status":"publish","type":"product","link":"https:\/\/www.keramika.com\/srbija\/podne-porcelanske-plocice-florence-blanco\/","title":{"rendered":"Podne porcelanske plo\u010dice Florence Blanco"},"content":{"rendered":"<p>Florence Blanco je proizvod iz \u0160panije te je izuzetno kvalitetna. \u0160irina i du\u017eina plo\u010dice su 60&#215;60 cm. Plo\u010dice bele boje, su letos izuzetno tre\u017eene. Debljina plo\u010dice, je vrlo va\u017ena 9 mm i ubraja tu plo\u010dicu me\u0111u najkvalitetnije. U maloprodaji bi morali za tu plo\u010dicu platiti 2202,5 RSD, online cena je samo 1762,5 RSD.<\/p>\n<p>Kliknite na ime serije za sve plo\u010dice u toj seriji: <a class=\"pdfcatal\" href=\"\/\/www.ceramictiles.com\/pdf\/e-ceramica\/ceramic_tiles_catalogue.pdf\" onclick=\"recordOutboundLink(this, 'E-mail', 'Description PDF');return false;\">e-Ceramica Florence<\/a><\/p>\n<p>Da bi naru\u010dili model iz PDF kataloga ove serije, molimo vas, da nas kontaktirate na: <a href=\"mailto:zo_mi@ceramictiles.com\" onclick=\"recordOutboundLink(this, 'E-mail', 'Description mail');return false;\">zo_mi@ceramictiles.com<\/a> ili nas pozovite na: For exact offer, PLS send us quantity and product you need with delivery address..<\/p>\n<p>Technical description: 60,5&#215;60,5<\/p>\n<p>Full pallet orders only<\/p>\n","protected":false},"excerpt":{"rendered":"<p>Florence Blanco je proizvod iz \u0160panije te je izuzetno kvalitetna. \u0160irina i du\u017eina plo\u010dice su 60&#215;60 cm. Plo\u010dice bele boje, su letos izuzetno tre\u017eene. Debljina plo\u010dice, je vrlo va\u017ena 9 mm i ubraja tu plo\u010dicu me\u0111u najkvalitetnije. U maloprodaji bi morali za tu plo\u010dicu platiti 2202,5 RSD, online cena je samo 1762,5 RSD. Kliknite na [&hellip;]<\/p>\n","protected":false},"featured_media":95740,"template":"","meta":[],"product_cat":[210,99921414,200,999],"product_tag":[],"_links":{"self":[{"href":"https:\/\/www.keramika.com\/srbija\/wp-json\/wp\/v2\/product\/95739"}],"collection":[{"href":"https:\/\/www.keramika.com\/srbija\/wp-json\/wp\/v2\/product"}],"about":[{"href":"https:\/\/www.keramika.com\/srbija\/wp-json\/wp\/v2\/types\/product"}],"wp:featuredmedia":[{"embeddable":true,"href":"https:\/\/www.keramika.com\/srbija\/wp-json\/wp\/v2\/media\/95740"}],"wp:attachment":[{"href":"https:\/\/www.keramika.com\/srbija\/wp-json\/wp\/v2\/media?parent=95739"}],"wp:term":[{"taxonomy":"product_cat","embeddable":true,"href":"https:\/\/www.keramika.com\/srbija\/wp-json\/wp\/v2\/product_cat?post=95739"},{"taxonomy":"product_tag","embeddable":true,"href":"https:\/\/www.keramika.com\/srbija\/wp-json\/wp\/v2\/product_tag?post=95739"}],"curies":[{"name":"wp","href":"https:\/\/api.w.org\/{rel}","templated":true}]}}