{"id":95715,"date":"2017-07-02T11:09:51","date_gmt":"2017-07-02T11:09:51","guid":{"rendered":"http:\/\/www.ceramictiles.com\/srbija\/product\/plocice-za-kupatilo-edison-crema\/"},"modified":"2026-01-04T00:01:20","modified_gmt":"2026-01-04T00:01:20","slug":"plocice-za-kupatilo-edison-crema","status":"publish","type":"product","link":"https:\/\/www.keramika.com\/srbija\/plocice-za-kupatilo-edison-crema\/","title":{"rendered":"Plo\u010dice za kupatilo Edison Crema"},"content":{"rendered":"<p>9 mm debljine je dovoljno za zahtevnije kupce. Ta kolekcija, model plo\u010dice, se prodaje najvi\u0161e be\u017e boje. Edison Crema je proizvod iz \u0160panije te je izuzetno kvalitetna. Veli\u010dina 20&#215;60 cm je odli\u010dna za sve podloge. Edison Crema je dostupna po vrlo povoljnim cenama 1352,5 RSD.<\/p>\n<p>Kliknite na ime serije za sve plo\u010dice u toj seriji: <a class=\"pdfcatal\" href=\"\/\/www.ceramictiles.com\/pdf\/e-ceramica\/ceramic_tiles_catalogue.pdf\" onclick=\"recordOutboundLink(this, 'E-mail', 'Description PDF');return false;\">e-Ceramica Edison<\/a><\/p>\n<p>Da bi naru\u010dili model iz PDF kataloga ove serije, molimo vas, da nas kontaktirate na: <a href=\"mailto:zo_mi@ceramictiles.com\" onclick=\"recordOutboundLink(this, 'E-mail', 'Description mail');return false;\">zo_mi@ceramictiles.com<\/a> ili nas pozovite na: For exact offer, PLS send us quantity and product you need with delivery address..<\/p>\n<p>Technical description: Full pallet orders only<\/p>\n","protected":false},"excerpt":{"rendered":"<p>9 mm debljine je dovoljno za zahtevnije kupce. Ta kolekcija, model plo\u010dice, se prodaje najvi\u0161e be\u017e boje. Edison Crema je proizvod iz \u0160panije te je izuzetno kvalitetna. Veli\u010dina 20&#215;60 cm je odli\u010dna za sve podloge. Edison Crema je dostupna po vrlo povoljnim cenama 1352,5 RSD. Kliknite na ime serije za sve plo\u010dice u toj seriji: [&hellip;]<\/p>\n","protected":false},"featured_media":95716,"template":"","meta":[],"product_cat":[210,99921414,200,999],"product_tag":[],"_links":{"self":[{"href":"https:\/\/www.keramika.com\/srbija\/wp-json\/wp\/v2\/product\/95715"}],"collection":[{"href":"https:\/\/www.keramika.com\/srbija\/wp-json\/wp\/v2\/product"}],"about":[{"href":"https:\/\/www.keramika.com\/srbija\/wp-json\/wp\/v2\/types\/product"}],"wp:featuredmedia":[{"embeddable":true,"href":"https:\/\/www.keramika.com\/srbija\/wp-json\/wp\/v2\/media\/95716"}],"wp:attachment":[{"href":"https:\/\/www.keramika.com\/srbija\/wp-json\/wp\/v2\/media?parent=95715"}],"wp:term":[{"taxonomy":"product_cat","embeddable":true,"href":"https:\/\/www.keramika.com\/srbija\/wp-json\/wp\/v2\/product_cat?post=95715"},{"taxonomy":"product_tag","embeddable":true,"href":"https:\/\/www.keramika.com\/srbija\/wp-json\/wp\/v2\/product_tag?post=95715"}],"curies":[{"name":"wp","href":"https:\/\/api.w.org\/{rel}","templated":true}]}}