{"id":95697,"date":"2017-07-02T11:06:51","date_gmt":"2017-07-02T11:06:51","guid":{"rendered":"http:\/\/www.ceramictiles.com\/srbija\/product\/plocice-za-kupatilo-darwin-crema\/"},"modified":"2026-01-04T00:01:18","modified_gmt":"2026-01-04T00:01:18","slug":"plocice-za-kupatilo-darwin-crema","status":"publish","type":"product","link":"https:\/\/www.keramika.com\/srbija\/plocice-za-kupatilo-darwin-crema\/","title":{"rendered":"Plo\u010dice za kupatilo Darwin Crema"},"content":{"rendered":"<p>Veli\u010dina 20&#215;50 cm je odli\u010dna za sve podloge. Darwin Crema je proizvod iz \u0160panije te je izuzetno kvalitetna. Redovna cena, ovih plo\u010dica u maloprodaji je 1575 RSD. U na\u0161oj online trgovini, je mo\u017eete kupiti za 1260 RSD. Ova plo\u010dica je debela 9 mm i zato je izuzetno izdr\u017eljiva. Keramika je prekrasne be\u017e boje. U koliko \u017eelite neku drugu boju, pozovite nas i mi \u0107emo proveriti kod proizvo\u0111a\u010da.<\/p>\n<p>Kliknite na ime serije za sve plo\u010dice u toj seriji: <a class=\"pdfcatal\" href=\"\/\/www.ceramictiles.com\/pdf\/e-ceramica\/ceramic_tiles_catalogue.pdf\" onclick=\"recordOutboundLink(this, 'E-mail', 'Description PDF');return false;\">e-Ceramica Darwin<\/a><\/p>\n<p>Da bi naru\u010dili model iz PDF kataloga ove serije, molimo vas, da nas kontaktirate na: <a href=\"mailto:zo_mi@ceramictiles.com\" onclick=\"recordOutboundLink(this, 'E-mail', 'Description mail');return false;\">zo_mi@ceramictiles.com<\/a> ili nas pozovite na: For exact offer, PLS send us quantity and product you need with delivery address..<\/p>\n<p>Technical description: Full pallet orders only<\/p>\n","protected":false},"excerpt":{"rendered":"<p>Veli\u010dina 20&#215;50 cm je odli\u010dna za sve podloge. Darwin Crema je proizvod iz \u0160panije te je izuzetno kvalitetna. Redovna cena, ovih plo\u010dica u maloprodaji je 1575 RSD. U na\u0161oj online trgovini, je mo\u017eete kupiti za 1260 RSD. Ova plo\u010dica je debela 9 mm i zato je izuzetno izdr\u017eljiva. Keramika je prekrasne be\u017e boje. U koliko [&hellip;]<\/p>\n","protected":false},"featured_media":95698,"template":"","meta":[],"product_cat":[210,99921414,200,999],"product_tag":[],"_links":{"self":[{"href":"https:\/\/www.keramika.com\/srbija\/wp-json\/wp\/v2\/product\/95697"}],"collection":[{"href":"https:\/\/www.keramika.com\/srbija\/wp-json\/wp\/v2\/product"}],"about":[{"href":"https:\/\/www.keramika.com\/srbija\/wp-json\/wp\/v2\/types\/product"}],"wp:featuredmedia":[{"embeddable":true,"href":"https:\/\/www.keramika.com\/srbija\/wp-json\/wp\/v2\/media\/95698"}],"wp:attachment":[{"href":"https:\/\/www.keramika.com\/srbija\/wp-json\/wp\/v2\/media?parent=95697"}],"wp:term":[{"taxonomy":"product_cat","embeddable":true,"href":"https:\/\/www.keramika.com\/srbija\/wp-json\/wp\/v2\/product_cat?post=95697"},{"taxonomy":"product_tag","embeddable":true,"href":"https:\/\/www.keramika.com\/srbija\/wp-json\/wp\/v2\/product_tag?post=95697"}],"curies":[{"name":"wp","href":"https:\/\/api.w.org\/{rel}","templated":true}]}}