{"id":95679,"date":"2017-07-02T11:04:05","date_gmt":"2017-07-02T11:04:05","guid":{"rendered":"http:\/\/www.ceramictiles.com\/srbija\/product\/keramika-za-terase-castilla-gris\/"},"modified":"2026-01-04T00:01:16","modified_gmt":"2026-01-04T00:01:16","slug":"keramika-za-terase-castilla-gris","status":"publish","type":"product","link":"https:\/\/www.keramika.com\/srbija\/keramika-za-terase-castilla-gris\/","title":{"rendered":"Keramika za terase Castilla Gris"},"content":{"rendered":"<p>Redovna cena, ovih plo\u010dica u maloprodaji je 1952,5 RSD. U na\u0161oj online trgovini, je mo\u017eete kupiti za 1562,5 RSD. Plo\u010dice sive boje, su letos izuzetno tre\u017eene. \u0160irina i du\u017eina plo\u010dice su 33,3&#215;33,3 cm. Castilla Gris je proizvod iz \u0160panije te je izuzetno kvalitetna. Debljina 9 mm \u010dini plo\u010dicu vrlo izdr\u017eljivom i prijatnom na dodir.<\/p>\n<p>Kliknite na ime serije za sve plo\u010dice u toj seriji: <a class=\"pdfcatal\" href=\"\/\/www.ceramictiles.com\/pdf\/e-ceramica\/ceramic_tiles_catalogue.pdf\" onclick=\"recordOutboundLink(this, 'E-mail', 'Description PDF');return false;\">e-Ceramica Castilla<\/a><\/p>\n<p>Da bi naru\u010dili model iz PDF kataloga ove serije, molimo vas, da nas kontaktirate na: <a href=\"mailto:zo_mi@ceramictiles.com\" onclick=\"recordOutboundLink(this, 'E-mail', 'Description mail');return false;\">zo_mi@ceramictiles.com<\/a> ili nas pozovite na: For exact offer, PLS send us quantity and product you need with delivery address..<\/p>\n<p>Technical description: Full pallet orders only<\/p>\n","protected":false},"excerpt":{"rendered":"<p>Redovna cena, ovih plo\u010dica u maloprodaji je 1952,5 RSD. U na\u0161oj online trgovini, je mo\u017eete kupiti za 1562,5 RSD. Plo\u010dice sive boje, su letos izuzetno tre\u017eene. \u0160irina i du\u017eina plo\u010dice su 33,3&#215;33,3 cm. Castilla Gris je proizvod iz \u0160panije te je izuzetno kvalitetna. Debljina 9 mm \u010dini plo\u010dicu vrlo izdr\u017eljivom i prijatnom na dodir. Kliknite [&hellip;]<\/p>\n","protected":false},"featured_media":95680,"template":"","meta":[],"product_cat":[210,99921414,200,999],"product_tag":[99950091],"_links":{"self":[{"href":"https:\/\/www.keramika.com\/srbija\/wp-json\/wp\/v2\/product\/95679"}],"collection":[{"href":"https:\/\/www.keramika.com\/srbija\/wp-json\/wp\/v2\/product"}],"about":[{"href":"https:\/\/www.keramika.com\/srbija\/wp-json\/wp\/v2\/types\/product"}],"wp:featuredmedia":[{"embeddable":true,"href":"https:\/\/www.keramika.com\/srbija\/wp-json\/wp\/v2\/media\/95680"}],"wp:attachment":[{"href":"https:\/\/www.keramika.com\/srbija\/wp-json\/wp\/v2\/media?parent=95679"}],"wp:term":[{"taxonomy":"product_cat","embeddable":true,"href":"https:\/\/www.keramika.com\/srbija\/wp-json\/wp\/v2\/product_cat?post=95679"},{"taxonomy":"product_tag","embeddable":true,"href":"https:\/\/www.keramika.com\/srbija\/wp-json\/wp\/v2\/product_tag?post=95679"}],"curies":[{"name":"wp","href":"https:\/\/api.w.org\/{rel}","templated":true}]}}