{"id":95675,"date":"2017-07-02T11:03:31","date_gmt":"2017-07-02T11:03:31","guid":{"rendered":"http:\/\/www.ceramictiles.com\/srbija\/product\/zidne-plocice-cartago-crema\/"},"modified":"2026-01-04T00:01:15","modified_gmt":"2026-01-04T00:01:15","slug":"zidne-plocice-cartago-crema","status":"publish","type":"product","link":"https:\/\/www.keramika.com\/srbija\/zidne-plocice-cartago-crema\/","title":{"rendered":"Zidne plo\u010dice Cartago Crema"},"content":{"rendered":"<p>Izuzetno moderne plo\u010dice be\u017e boje, osve\u017eit \u0107e svaki prostor. 9 mm debljina \u0107e zadovoljiti i najzahtevnije kupce. Cartago Crema je dostupna po vrlo povoljnim cenama 1477,5 RSD. Cartago Crema je proizvod iz \u0160panije te je izuzetno kvalitetna. Plo\u010dica na sliki je 24,2&#215;68,5 cm.<\/p>\n<p>Kliknite na ime serije za sve plo\u010dice u toj seriji: <a class=\"pdfcatal\" href=\"\/\/www.ceramictiles.com\/pdf\/e-ceramica\/ceramic_tiles_catalogue.pdf\" onclick=\"recordOutboundLink(this, 'E-mail', 'Description PDF');return false;\">e-Ceramica Cartago<\/a><\/p>\n<p>Da bi naru\u010dili model iz PDF kataloga ove serije, molimo vas, da nas kontaktirate na: <a href=\"mailto:zo_mi@ceramictiles.com\" onclick=\"recordOutboundLink(this, 'E-mail', 'Description mail');return false;\">zo_mi@ceramictiles.com<\/a> ili nas pozovite na: For exact offer, PLS send us quantity and product you need with delivery address..<\/p>\n<p>Technical description: Full pallet orders only<\/p>\n","protected":false},"excerpt":{"rendered":"<p>Izuzetno moderne plo\u010dice be\u017e boje, osve\u017eit \u0107e svaki prostor. 9 mm debljina \u0107e zadovoljiti i najzahtevnije kupce. Cartago Crema je dostupna po vrlo povoljnim cenama 1477,5 RSD. Cartago Crema je proizvod iz \u0160panije te je izuzetno kvalitetna. Plo\u010dica na sliki je 24,2&#215;68,5 cm. Kliknite na ime serije za sve plo\u010dice u toj seriji: e-Ceramica Cartago [&hellip;]<\/p>\n","protected":false},"featured_media":95676,"template":"","meta":[],"product_cat":[210,99921414,200,999],"product_tag":[],"_links":{"self":[{"href":"https:\/\/www.keramika.com\/srbija\/wp-json\/wp\/v2\/product\/95675"}],"collection":[{"href":"https:\/\/www.keramika.com\/srbija\/wp-json\/wp\/v2\/product"}],"about":[{"href":"https:\/\/www.keramika.com\/srbija\/wp-json\/wp\/v2\/types\/product"}],"wp:featuredmedia":[{"embeddable":true,"href":"https:\/\/www.keramika.com\/srbija\/wp-json\/wp\/v2\/media\/95676"}],"wp:attachment":[{"href":"https:\/\/www.keramika.com\/srbija\/wp-json\/wp\/v2\/media?parent=95675"}],"wp:term":[{"taxonomy":"product_cat","embeddable":true,"href":"https:\/\/www.keramika.com\/srbija\/wp-json\/wp\/v2\/product_cat?post=95675"},{"taxonomy":"product_tag","embeddable":true,"href":"https:\/\/www.keramika.com\/srbija\/wp-json\/wp\/v2\/product_tag?post=95675"}],"curies":[{"name":"wp","href":"https:\/\/api.w.org\/{rel}","templated":true}]}}