{"id":95665,"date":"2017-07-02T11:01:25","date_gmt":"2017-07-02T11:01:25","guid":{"rendered":"http:\/\/www.ceramictiles.com\/srbija\/product\/plocice-imitacija-drveta-caledonia-beige\/"},"modified":"2026-01-04T00:01:14","modified_gmt":"2026-01-04T00:01:14","slug":"plocice-imitacija-drveta-caledonia-beige","status":"publish","type":"product","link":"https:\/\/www.keramika.com\/srbija\/plocice-imitacija-drveta-caledonia-beige\/","title":{"rendered":"Plo\u010dice imitacija drveta Caledonia Beige"},"content":{"rendered":"<p>Redovna cena, ovih plo\u010dica u maloprodaji je 2052,5 RSD. U na\u0161oj online trgovini, je mo\u017eete kupiti za 1642,5 RSD. Keramika je prekrasne be\u017e boje. U koliko \u017eelite neku drugu boju, pozovite nas i mi \u0107emo proveriti kod proizvo\u0111a\u010da. Caledonia Beige dolazi iz \u0160panije, koja je poznata po vrlo visokoj kvaliteta keramike u svetu. 9 mm debljina \u0107e zadovoljiti i najzahtevnije kupce. Dimenzije ovih plo\u010dica su 23,5&#215;66,2 cm.<\/p>\n<p>Kliknite na ime serije za sve plo\u010dice u toj seriji: <a class=\"pdfcatal\" href=\"\/\/www.ceramictiles.com\/pdf\/e-ceramica\/ceramic_tiles_catalogue.pdf\" onclick=\"recordOutboundLink(this, 'E-mail', 'Description PDF');return false;\">e-Ceramica Caledonia<\/a><\/p>\n<p>Da bi naru\u010dili model iz PDF kataloga ove serije, molimo vas, da nas kontaktirate na: <a href=\"mailto:zo_mi@ceramictiles.com\" onclick=\"recordOutboundLink(this, 'E-mail', 'Description mail');return false;\">zo_mi@ceramictiles.com<\/a> ili nas pozovite na: For exact offer, PLS send us quantity and product you need with delivery address..<\/p>\n<p>Technical description: Full pallet orders only<\/p>\n","protected":false},"excerpt":{"rendered":"<p>Redovna cena, ovih plo\u010dica u maloprodaji je 2052,5 RSD. U na\u0161oj online trgovini, je mo\u017eete kupiti za 1642,5 RSD. Keramika je prekrasne be\u017e boje. U koliko \u017eelite neku drugu boju, pozovite nas i mi \u0107emo proveriti kod proizvo\u0111a\u010da. Caledonia Beige dolazi iz \u0160panije, koja je poznata po vrlo visokoj kvaliteta keramike u svetu. 9 mm [&hellip;]<\/p>\n","protected":false},"featured_media":95666,"template":"","meta":[],"product_cat":[210,99921414,200,999],"product_tag":[99950095],"_links":{"self":[{"href":"https:\/\/www.keramika.com\/srbija\/wp-json\/wp\/v2\/product\/95665"}],"collection":[{"href":"https:\/\/www.keramika.com\/srbija\/wp-json\/wp\/v2\/product"}],"about":[{"href":"https:\/\/www.keramika.com\/srbija\/wp-json\/wp\/v2\/types\/product"}],"wp:featuredmedia":[{"embeddable":true,"href":"https:\/\/www.keramika.com\/srbija\/wp-json\/wp\/v2\/media\/95666"}],"wp:attachment":[{"href":"https:\/\/www.keramika.com\/srbija\/wp-json\/wp\/v2\/media?parent=95665"}],"wp:term":[{"taxonomy":"product_cat","embeddable":true,"href":"https:\/\/www.keramika.com\/srbija\/wp-json\/wp\/v2\/product_cat?post=95665"},{"taxonomy":"product_tag","embeddable":true,"href":"https:\/\/www.keramika.com\/srbija\/wp-json\/wp\/v2\/product_tag?post=95665"}],"curies":[{"name":"wp","href":"https:\/\/api.w.org\/{rel}","templated":true}]}}