{"id":95641,"date":"2017-07-02T10:56:16","date_gmt":"2017-07-02T10:56:16","guid":{"rendered":"http:\/\/www.ceramictiles.com\/srbija\/product\/zidna-dekorativna-keramika-botticino-relieve-marron\/"},"modified":"2026-01-04T00:01:12","modified_gmt":"2026-01-04T00:01:12","slug":"zidna-dekorativna-keramika-botticino-relieve-marron","status":"publish","type":"product","link":"https:\/\/www.keramika.com\/srbija\/zidna-dekorativna-keramika-botticino-relieve-marron\/","title":{"rendered":"Zidna dekorativna keramika Botticino Relieve Marron"},"content":{"rendered":"<p>Plo\u010dice braon boje osvje\u017eit \u0107e svaki prostor. plo\u010dica proizvo\u0111a\u010da e-Ceramica iz \u0160panije. \u0160irina i du\u017eina plo\u010dice su 24,2&#215;68,5 cm. 1962,5 RSD je redovna prodajna cena keramike, tu pa samo 1570 RSD. Debljina 9 mm \u010dini plo\u010dicu vrlo izdr\u017eljivom i prijatnom na dodir.<\/p>\n<p>Kliknite na ime serije za sve plo\u010dice u toj seriji: <a class=\"pdfcatal\" href=\"\/\/www.ceramictiles.com\/pdf\/e-ceramica\/ceramic_tiles_catalogue.pdf\" onclick=\"recordOutboundLink(this, 'E-mail', 'Description PDF');return false;\">e-Ceramica Botticino Relieve<\/a><\/p>\n<p>Da bi naru\u010dili model iz PDF kataloga ove serije, molimo vas, da nas kontaktirate na: <a href=\"mailto:zo_mi@ceramictiles.com\" onclick=\"recordOutboundLink(this, 'E-mail', 'Description mail');return false;\">zo_mi@ceramictiles.com<\/a> ili nas pozovite na: For exact offer, PLS send us quantity and product you need with delivery address..<\/p>\n<p>Technical description: Full pallet orders only<\/p>\n","protected":false},"excerpt":{"rendered":"<p>Plo\u010dice braon boje osvje\u017eit \u0107e svaki prostor. plo\u010dica proizvo\u0111a\u010da e-Ceramica iz \u0160panije. \u0160irina i du\u017eina plo\u010dice su 24,2&#215;68,5 cm. 1962,5 RSD je redovna prodajna cena keramike, tu pa samo 1570 RSD. Debljina 9 mm \u010dini plo\u010dicu vrlo izdr\u017eljivom i prijatnom na dodir. Kliknite na ime serije za sve plo\u010dice u toj seriji: e-Ceramica Botticino Relieve [&hellip;]<\/p>\n","protected":false},"featured_media":95642,"template":"","meta":[],"product_cat":[210,99921414,200,999],"product_tag":[],"_links":{"self":[{"href":"https:\/\/www.keramika.com\/srbija\/wp-json\/wp\/v2\/product\/95641"}],"collection":[{"href":"https:\/\/www.keramika.com\/srbija\/wp-json\/wp\/v2\/product"}],"about":[{"href":"https:\/\/www.keramika.com\/srbija\/wp-json\/wp\/v2\/types\/product"}],"wp:featuredmedia":[{"embeddable":true,"href":"https:\/\/www.keramika.com\/srbija\/wp-json\/wp\/v2\/media\/95642"}],"wp:attachment":[{"href":"https:\/\/www.keramika.com\/srbija\/wp-json\/wp\/v2\/media?parent=95641"}],"wp:term":[{"taxonomy":"product_cat","embeddable":true,"href":"https:\/\/www.keramika.com\/srbija\/wp-json\/wp\/v2\/product_cat?post=95641"},{"taxonomy":"product_tag","embeddable":true,"href":"https:\/\/www.keramika.com\/srbija\/wp-json\/wp\/v2\/product_tag?post=95641"}],"curies":[{"name":"wp","href":"https:\/\/api.w.org\/{rel}","templated":true}]}}