{"id":95639,"date":"2017-07-02T10:55:54","date_gmt":"2017-07-02T10:55:54","guid":{"rendered":"http:\/\/www.ceramictiles.com\/srbija\/product\/podne-plocice-botticino-marron\/"},"modified":"2026-01-04T00:01:11","modified_gmt":"2026-01-04T00:01:11","slug":"podne-plocice-botticino-marron","status":"publish","type":"product","link":"https:\/\/www.keramika.com\/srbija\/podne-plocice-botticino-marron\/","title":{"rendered":"Podne plo\u010dice Botticino Marron"},"content":{"rendered":"<p>Botticino Marron je dostupna po vrlo povoljnim cenama 1775 RSD. Plo\u010dice braon boje, su letos izuzetno tre\u017eene. Veli\u010dina ove plo\u010dice je 56,5&#215;56,5 cm. plo\u010dica proizvo\u0111a\u010da e-Ceramica iz \u0160panije. Debljina 9 mm \u010dini plo\u010dicu vrlo izdr\u017eljivom i prijatnom na dodir.<\/p>\n<p>Kliknite na ime serije za sve plo\u010dice u toj seriji: <a class=\"pdfcatal\" href=\"\/\/www.ceramictiles.com\/pdf\/e-ceramica\/ceramic_tiles_catalogue.pdf\" onclick=\"recordOutboundLink(this, 'E-mail', 'Description PDF');return false;\">e-Ceramica Botticino<\/a><\/p>\n<p>Da bi naru\u010dili model iz PDF kataloga ove serije, molimo vas, da nas kontaktirate na: <a href=\"mailto:zo_mi@ceramictiles.com\" onclick=\"recordOutboundLink(this, 'E-mail', 'Description mail');return false;\">zo_mi@ceramictiles.com<\/a> ili nas pozovite na: For exact offer, PLS send us quantity and product you need with delivery address..<\/p>\n<p>Technical description: Full pallet orders only<\/p>\n","protected":false},"excerpt":{"rendered":"<p>Botticino Marron je dostupna po vrlo povoljnim cenama 1775 RSD. Plo\u010dice braon boje, su letos izuzetno tre\u017eene. Veli\u010dina ove plo\u010dice je 56,5&#215;56,5 cm. plo\u010dica proizvo\u0111a\u010da e-Ceramica iz \u0160panije. Debljina 9 mm \u010dini plo\u010dicu vrlo izdr\u017eljivom i prijatnom na dodir. Kliknite na ime serije za sve plo\u010dice u toj seriji: e-Ceramica Botticino Da bi naru\u010dili model [&hellip;]<\/p>\n","protected":false},"featured_media":95640,"template":"","meta":[],"product_cat":[210,99921414,200,999],"product_tag":[],"_links":{"self":[{"href":"https:\/\/www.keramika.com\/srbija\/wp-json\/wp\/v2\/product\/95639"}],"collection":[{"href":"https:\/\/www.keramika.com\/srbija\/wp-json\/wp\/v2\/product"}],"about":[{"href":"https:\/\/www.keramika.com\/srbija\/wp-json\/wp\/v2\/types\/product"}],"wp:featuredmedia":[{"embeddable":true,"href":"https:\/\/www.keramika.com\/srbija\/wp-json\/wp\/v2\/media\/95640"}],"wp:attachment":[{"href":"https:\/\/www.keramika.com\/srbija\/wp-json\/wp\/v2\/media?parent=95639"}],"wp:term":[{"taxonomy":"product_cat","embeddable":true,"href":"https:\/\/www.keramika.com\/srbija\/wp-json\/wp\/v2\/product_cat?post=95639"},{"taxonomy":"product_tag","embeddable":true,"href":"https:\/\/www.keramika.com\/srbija\/wp-json\/wp\/v2\/product_tag?post=95639"}],"curies":[{"name":"wp","href":"https:\/\/api.w.org\/{rel}","templated":true}]}}