{"id":95631,"date":"2017-07-02T10:53:57","date_gmt":"2017-07-02T10:53:57","guid":{"rendered":"http:\/\/www.ceramictiles.com\/srbija\/product\/podne-porcelanske-plocice-bolonia-crema\/"},"modified":"2026-01-04T00:01:11","modified_gmt":"2026-01-04T00:01:11","slug":"podne-porcelanske-plocice-bolonia-crema","status":"publish","type":"product","link":"https:\/\/www.keramika.com\/srbija\/podne-porcelanske-plocice-bolonia-crema\/","title":{"rendered":"Podne porcelanske plo\u010dice Bolonia Crema"},"content":{"rendered":"<p>Bolonia Crema je proizvod iz \u0160panije te je izuzetno kvalitetna. U izboru plo\u010dica be\u017e boje, ne mo\u017eete pogre\u0161iti. \u0160irina i du\u017eina plo\u010dice su 56,5&#215;56,5 cm. Bolonia Crema je dostupna po vrlo povoljnim cenama 1775 RSD. Ova plo\u010dica je debela 9 mm i zato je izuzetno izdr\u017eljiva.<\/p>\n<p>Kliknite na ime serije za sve plo\u010dice u toj seriji: <a class=\"pdfcatal\" href=\"\/\/www.ceramictiles.com\/pdf\/e-ceramica\/ceramic_tiles_catalogue.pdf\" onclick=\"recordOutboundLink(this, 'E-mail', 'Description PDF');return false;\">e-Ceramica Bolonia<\/a><\/p>\n<p>Da bi naru\u010dili model iz PDF kataloga ove serije, molimo vas, da nas kontaktirate na: <a href=\"mailto:zo_mi@ceramictiles.com\" onclick=\"recordOutboundLink(this, 'E-mail', 'Description mail');return false;\">zo_mi@ceramictiles.com<\/a> ili nas pozovite na: For exact offer, PLS send us quantity and product you need with delivery address..<\/p>\n<p>Technical description: Full pallet orders only<\/p>\n","protected":false},"excerpt":{"rendered":"<p>Bolonia Crema je proizvod iz \u0160panije te je izuzetno kvalitetna. U izboru plo\u010dica be\u017e boje, ne mo\u017eete pogre\u0161iti. \u0160irina i du\u017eina plo\u010dice su 56,5&#215;56,5 cm. Bolonia Crema je dostupna po vrlo povoljnim cenama 1775 RSD. Ova plo\u010dica je debela 9 mm i zato je izuzetno izdr\u017eljiva. Kliknite na ime serije za sve plo\u010dice u toj [&hellip;]<\/p>\n","protected":false},"featured_media":95632,"template":"","meta":[],"product_cat":[210,99921414,200,999],"product_tag":[],"_links":{"self":[{"href":"https:\/\/www.keramika.com\/srbija\/wp-json\/wp\/v2\/product\/95631"}],"collection":[{"href":"https:\/\/www.keramika.com\/srbija\/wp-json\/wp\/v2\/product"}],"about":[{"href":"https:\/\/www.keramika.com\/srbija\/wp-json\/wp\/v2\/types\/product"}],"wp:featuredmedia":[{"embeddable":true,"href":"https:\/\/www.keramika.com\/srbija\/wp-json\/wp\/v2\/media\/95632"}],"wp:attachment":[{"href":"https:\/\/www.keramika.com\/srbija\/wp-json\/wp\/v2\/media?parent=95631"}],"wp:term":[{"taxonomy":"product_cat","embeddable":true,"href":"https:\/\/www.keramika.com\/srbija\/wp-json\/wp\/v2\/product_cat?post=95631"},{"taxonomy":"product_tag","embeddable":true,"href":"https:\/\/www.keramika.com\/srbija\/wp-json\/wp\/v2\/product_tag?post=95631"}],"curies":[{"name":"wp","href":"https:\/\/api.w.org\/{rel}","templated":true}]}}