{"id":95625,"date":"2017-07-02T10:53:07","date_gmt":"2017-07-02T10:53:07","guid":{"rendered":"http:\/\/www.ceramictiles.com\/srbija\/product\/porcelanske-plocice-blue-fish-light-beige\/"},"modified":"2026-01-04T00:01:10","modified_gmt":"2026-01-04T00:01:10","slug":"porcelanske-plocice-blue-fish-light-beige","status":"publish","type":"product","link":"https:\/\/www.keramika.com\/srbija\/porcelanske-plocice-blue-fish-light-beige\/","title":{"rendered":"Porcelanske plo\u010dice Blue Fish Light Beige"},"content":{"rendered":"<p>Proizvodnja \u0160panije ,koja je poznata u svetu, kao jedana od najboljih proizvo\u0111a\u010da kerami\u010dkih plo\u010dica. Keramika je prekrasne be\u017e boje. U koliko \u017eelite neku drugu boju, pozovite nas i mi \u0107emo proveriti kod proizvo\u0111a\u010da. 9 mm debljine je dovoljno za zahtevnije kupce. Blue Fish Light Beige je dostupna po vrlo povoljnim cenama 1900 RSD. Plo\u010dica 30&#215;60 cm je dobra za ve\u0107 razli\u010ditih namena.<\/p>\n<p>Kliknite na ime serije za sve plo\u010dice u toj seriji: <a class=\"pdfcatal\" href=\"\/\/www.ceramictiles.com\/pdf\/e-ceramica\/ceramic_tiles_catalogue.pdf\" onclick=\"recordOutboundLink(this, 'E-mail', 'Description PDF');return false;\">e-Ceramica Blue Fish<\/a><\/p>\n<p>Da bi naru\u010dili model iz PDF kataloga ove serije, molimo vas, da nas kontaktirate na: <a href=\"mailto:zo_mi@ceramictiles.com\" onclick=\"recordOutboundLink(this, 'E-mail', 'Description mail');return false;\">zo_mi@ceramictiles.com<\/a> ili nas pozovite na: For exact offer, PLS send us quantity and product you need with delivery address..<\/p>\n<p>Technical description: Full pallet orders only<\/p>\n","protected":false},"excerpt":{"rendered":"<p>Proizvodnja \u0160panije ,koja je poznata u svetu, kao jedana od najboljih proizvo\u0111a\u010da kerami\u010dkih plo\u010dica. Keramika je prekrasne be\u017e boje. U koliko \u017eelite neku drugu boju, pozovite nas i mi \u0107emo proveriti kod proizvo\u0111a\u010da. 9 mm debljine je dovoljno za zahtevnije kupce. Blue Fish Light Beige je dostupna po vrlo povoljnim cenama 1900 RSD. Plo\u010dica 30&#215;60 [&hellip;]<\/p>\n","protected":false},"featured_media":95626,"template":"","meta":[],"product_cat":[210,99921414,200,999],"product_tag":[],"_links":{"self":[{"href":"https:\/\/www.keramika.com\/srbija\/wp-json\/wp\/v2\/product\/95625"}],"collection":[{"href":"https:\/\/www.keramika.com\/srbija\/wp-json\/wp\/v2\/product"}],"about":[{"href":"https:\/\/www.keramika.com\/srbija\/wp-json\/wp\/v2\/types\/product"}],"wp:featuredmedia":[{"embeddable":true,"href":"https:\/\/www.keramika.com\/srbija\/wp-json\/wp\/v2\/media\/95626"}],"wp:attachment":[{"href":"https:\/\/www.keramika.com\/srbija\/wp-json\/wp\/v2\/media?parent=95625"}],"wp:term":[{"taxonomy":"product_cat","embeddable":true,"href":"https:\/\/www.keramika.com\/srbija\/wp-json\/wp\/v2\/product_cat?post=95625"},{"taxonomy":"product_tag","embeddable":true,"href":"https:\/\/www.keramika.com\/srbija\/wp-json\/wp\/v2\/product_tag?post=95625"}],"curies":[{"name":"wp","href":"https:\/\/api.w.org\/{rel}","templated":true}]}}