{"id":95615,"date":"2017-07-02T10:51:24","date_gmt":"2017-07-02T10:51:24","guid":{"rendered":"http:\/\/www.ceramictiles.com\/srbija\/product\/zidna-dekorativna-keramika-barbate-crema-mate\/"},"modified":"2026-01-04T00:01:09","modified_gmt":"2026-01-04T00:01:09","slug":"zidna-dekorativna-keramika-barbate-crema-mate","status":"publish","type":"product","link":"https:\/\/www.keramika.com\/srbija\/zidna-dekorativna-keramika-barbate-crema-mate\/","title":{"rendered":"Zidna dekorativna keramika Barbate Crema Mate"},"content":{"rendered":"<p>Plo\u010dice be\u017e boje, su letos izuzetno tre\u017eene. 1743,75 RSD je redovna prodajna cena keramike, tu pa samo 1395 RSD. Plo\u010dica 31&#215;45 cm je dobra za ve\u0107 razli\u010ditih namena. Barbate Crema Mate je proizvod iz \u0160panije te je izuzetno kvalitetna. 9 mm debljina \u0107e zadovoljiti i najzahtevnije kupce.<\/p>\n<p>Kliknite na ime serije za sve plo\u010dice u toj seriji: <a class=\"pdfcatal\" href=\"\/\/www.ceramictiles.com\/pdf\/e-ceramica\/ceramic_tiles_catalogue.pdf\" onclick=\"recordOutboundLink(this, 'E-mail', 'Description PDF');return false;\">e-Ceramica Barbate<\/a><\/p>\n<p>Da bi naru\u010dili model iz PDF kataloga ove serije, molimo vas, da nas kontaktirate na: <a href=\"mailto:zo_mi@ceramictiles.com\" onclick=\"recordOutboundLink(this, 'E-mail', 'Description mail');return false;\">zo_mi@ceramictiles.com<\/a> ili nas pozovite na: For exact offer, PLS send us quantity and product you need with delivery address..<\/p>\n<p>Technical description: Full pallet orders only<\/p>\n","protected":false},"excerpt":{"rendered":"<p>Plo\u010dice be\u017e boje, su letos izuzetno tre\u017eene. 1743,75 RSD je redovna prodajna cena keramike, tu pa samo 1395 RSD. Plo\u010dica 31&#215;45 cm je dobra za ve\u0107 razli\u010ditih namena. Barbate Crema Mate je proizvod iz \u0160panije te je izuzetno kvalitetna. 9 mm debljina \u0107e zadovoljiti i najzahtevnije kupce. Kliknite na ime serije za sve plo\u010dice u [&hellip;]<\/p>\n","protected":false},"featured_media":95616,"template":"","meta":[],"product_cat":[210,99921414,200,999],"product_tag":[],"_links":{"self":[{"href":"https:\/\/www.keramika.com\/srbija\/wp-json\/wp\/v2\/product\/95615"}],"collection":[{"href":"https:\/\/www.keramika.com\/srbija\/wp-json\/wp\/v2\/product"}],"about":[{"href":"https:\/\/www.keramika.com\/srbija\/wp-json\/wp\/v2\/types\/product"}],"wp:featuredmedia":[{"embeddable":true,"href":"https:\/\/www.keramika.com\/srbija\/wp-json\/wp\/v2\/media\/95616"}],"wp:attachment":[{"href":"https:\/\/www.keramika.com\/srbija\/wp-json\/wp\/v2\/media?parent=95615"}],"wp:term":[{"taxonomy":"product_cat","embeddable":true,"href":"https:\/\/www.keramika.com\/srbija\/wp-json\/wp\/v2\/product_cat?post=95615"},{"taxonomy":"product_tag","embeddable":true,"href":"https:\/\/www.keramika.com\/srbija\/wp-json\/wp\/v2\/product_tag?post=95615"}],"curies":[{"name":"wp","href":"https:\/\/api.w.org\/{rel}","templated":true}]}}