{"id":95597,"date":"2017-07-02T10:47:46","date_gmt":"2017-07-02T10:47:46","guid":{"rendered":"http:\/\/www.ceramictiles.com\/srbija\/product\/keramika-imitacija-kamena-antica-noce\/"},"modified":"2026-01-04T00:01:07","modified_gmt":"2026-01-04T00:01:07","slug":"keramika-imitacija-kamena-antica-noce","status":"publish","type":"product","link":"https:\/\/www.keramika.com\/srbija\/keramika-imitacija-kamena-antica-noce\/","title":{"rendered":"Keramika imitacija kamena Antica Noce"},"content":{"rendered":"<p>Zbog ni\u017eih tro\u0161kova, online prodaje, Vi \u0107e te na na\u0161oj strani ove plo\u010de platiti samo 2382,5 RSD. Plo\u010dice be\u017e boje osvje\u017eit \u0107e svaki prostor. plo\u010dica proizvo\u0111a\u010da e-Ceramica iz \u0160panije. 9 mm debljina \u0107e zadovoljiti i najzahtevnije kupce. Plo\u010dica na sliki je 45&#215;90 cm.<\/p>\n<p>Kliknite na ime serije za sve plo\u010dice u toj seriji: <a class=\"pdfcatal\" href=\"\/\/www.ceramictiles.com\/pdf\/e-ceramica\/ceramic_tiles_catalogue.pdf\" onclick=\"recordOutboundLink(this, 'E-mail', 'Description PDF');return false;\">e-Ceramica Antica<\/a><\/p>\n<p>Da bi naru\u010dili model iz PDF kataloga ove serije, molimo vas, da nas kontaktirate na: <a href=\"mailto:zo_mi@ceramictiles.com\" onclick=\"recordOutboundLink(this, 'E-mail', 'Description mail');return false;\">zo_mi@ceramictiles.com<\/a> ili nas pozovite na: For exact offer, PLS send us quantity and product you need with delivery address..<\/p>\n<p>Technical description: Full pallet orders only<\/p>\n","protected":false},"excerpt":{"rendered":"<p>Zbog ni\u017eih tro\u0161kova, online prodaje, Vi \u0107e te na na\u0161oj strani ove plo\u010de platiti samo 2382,5 RSD. Plo\u010dice be\u017e boje osvje\u017eit \u0107e svaki prostor. plo\u010dica proizvo\u0111a\u010da e-Ceramica iz \u0160panije. 9 mm debljina \u0107e zadovoljiti i najzahtevnije kupce. Plo\u010dica na sliki je 45&#215;90 cm. Kliknite na ime serije za sve plo\u010dice u toj seriji: e-Ceramica Antica [&hellip;]<\/p>\n","protected":false},"featured_media":95598,"template":"","meta":[],"product_cat":[210,99921414,200,999],"product_tag":[99950096],"_links":{"self":[{"href":"https:\/\/www.keramika.com\/srbija\/wp-json\/wp\/v2\/product\/95597"}],"collection":[{"href":"https:\/\/www.keramika.com\/srbija\/wp-json\/wp\/v2\/product"}],"about":[{"href":"https:\/\/www.keramika.com\/srbija\/wp-json\/wp\/v2\/types\/product"}],"wp:featuredmedia":[{"embeddable":true,"href":"https:\/\/www.keramika.com\/srbija\/wp-json\/wp\/v2\/media\/95598"}],"wp:attachment":[{"href":"https:\/\/www.keramika.com\/srbija\/wp-json\/wp\/v2\/media?parent=95597"}],"wp:term":[{"taxonomy":"product_cat","embeddable":true,"href":"https:\/\/www.keramika.com\/srbija\/wp-json\/wp\/v2\/product_cat?post=95597"},{"taxonomy":"product_tag","embeddable":true,"href":"https:\/\/www.keramika.com\/srbija\/wp-json\/wp\/v2\/product_tag?post=95597"}],"curies":[{"name":"wp","href":"https:\/\/api.w.org\/{rel}","templated":true}]}}