{"id":95583,"date":"2017-07-02T10:45:05","date_gmt":"2017-07-02T10:45:05","guid":{"rendered":"http:\/\/www.ceramictiles.com\/srbija\/product\/podne-plocice-alarcon-teja\/"},"modified":"2026-01-04T00:01:05","modified_gmt":"2026-01-04T00:01:05","slug":"podne-plocice-alarcon-teja","status":"publish","type":"product","link":"https:\/\/www.keramika.com\/srbija\/podne-plocice-alarcon-teja\/","title":{"rendered":"Podne plo\u010dice Alarcon Teja"},"content":{"rendered":"<p>Online cena je samo 952,5 RSD, dok redovna, maloprodajna cena 1190 RSD. Plo\u010dice crvene boje, su letos izuzetno tre\u017eene. plo\u010dica proizvo\u0111a\u010da e-Ceramica iz \u0160panije. Plo\u010dica 33,3&#215;33,3 cm je dobra za ve\u0107 razli\u010ditih namena. 9 mm debljina \u0107e zadovoljiti i najzahtevnije kupce.<\/p>\n<p>Kliknite na ime serije za sve plo\u010dice u toj seriji: <a class=\"pdfcatal\" href=\"\/\/www.ceramictiles.com\/pdf\/e-ceramica\/ceramic_tiles_catalogue.pdf\" onclick=\"recordOutboundLink(this, 'E-mail', 'Description PDF');return false;\">e-Ceramica Alarcon<\/a><\/p>\n<p>Da bi naru\u010dili model iz PDF kataloga ove serije, molimo vas, da nas kontaktirate na: <a href=\"mailto:zo_mi@ceramictiles.com\" onclick=\"recordOutboundLink(this, 'E-mail', 'Description mail');return false;\">zo_mi@ceramictiles.com<\/a> ili nas pozovite na: For exact offer, PLS send us quantity and product you need with delivery address..<\/p>\n<p>Technical description: Full pallet orders only<\/p>\n","protected":false},"excerpt":{"rendered":"<p>Online cena je samo 952,5 RSD, dok redovna, maloprodajna cena 1190 RSD. Plo\u010dice crvene boje, su letos izuzetno tre\u017eene. plo\u010dica proizvo\u0111a\u010da e-Ceramica iz \u0160panije. Plo\u010dica 33,3&#215;33,3 cm je dobra za ve\u0107 razli\u010ditih namena. 9 mm debljina \u0107e zadovoljiti i najzahtevnije kupce. Kliknite na ime serije za sve plo\u010dice u toj seriji: e-Ceramica Alarcon Da bi [&hellip;]<\/p>\n","protected":false},"featured_media":95584,"template":"","meta":[],"product_cat":[210,99921414,200,999],"product_tag":[],"_links":{"self":[{"href":"https:\/\/www.keramika.com\/srbija\/wp-json\/wp\/v2\/product\/95583"}],"collection":[{"href":"https:\/\/www.keramika.com\/srbija\/wp-json\/wp\/v2\/product"}],"about":[{"href":"https:\/\/www.keramika.com\/srbija\/wp-json\/wp\/v2\/types\/product"}],"wp:featuredmedia":[{"embeddable":true,"href":"https:\/\/www.keramika.com\/srbija\/wp-json\/wp\/v2\/media\/95584"}],"wp:attachment":[{"href":"https:\/\/www.keramika.com\/srbija\/wp-json\/wp\/v2\/media?parent=95583"}],"wp:term":[{"taxonomy":"product_cat","embeddable":true,"href":"https:\/\/www.keramika.com\/srbija\/wp-json\/wp\/v2\/product_cat?post=95583"},{"taxonomy":"product_tag","embeddable":true,"href":"https:\/\/www.keramika.com\/srbija\/wp-json\/wp\/v2\/product_tag?post=95583"}],"curies":[{"name":"wp","href":"https:\/\/api.w.org\/{rel}","templated":true}]}}