{"id":95577,"date":"2017-07-02T10:44:15","date_gmt":"2017-07-02T10:44:15","guid":{"rendered":"http:\/\/www.ceramictiles.com\/srbija\/product\/zidne-plocice-aberdeen-cream\/"},"modified":"2026-01-04T00:01:05","modified_gmt":"2026-01-04T00:01:05","slug":"zidne-plocice-aberdeen-cream","status":"publish","type":"product","link":"https:\/\/www.keramika.com\/srbija\/zidne-plocice-aberdeen-cream\/","title":{"rendered":"Zidne plo\u010dice Aberdeen Cream"},"content":{"rendered":"<p>1690 RSD je redovna prodajna cena keramike, tu pa samo 1352,5 RSD. Veli\u010dina 20&#215;60 cm je odli\u010dna za sve podloge. Plo\u010dice dolaze iz \u0160panije, koja je poznata po kvalitetnoj keramiki. Keramika je prekrasne be\u017e boje. U koliko \u017eelite neku drugu boju, pozovite nas i mi \u0107emo proveriti kod proizvo\u0111a\u010da. 9 mm debljine je dovoljno za zahtevnije kupce.<\/p>\n<p>Kliknite na ime serije za sve plo\u010dice u toj seriji: <a class=\"pdfcatal\" href=\"\/\/www.ceramictiles.com\/pdf\/e-ceramica\/ceramic_tiles_catalogue.pdf\" onclick=\"recordOutboundLink(this, 'E-mail', 'Description PDF');return false;\">e-Ceramica Aberdeen<\/a><\/p>\n<p>Da bi naru\u010dili model iz PDF kataloga ove serije, molimo vas, da nas kontaktirate na: <a href=\"mailto:zo_mi@ceramictiles.com\" onclick=\"recordOutboundLink(this, 'E-mail', 'Description mail');return false;\">zo_mi@ceramictiles.com<\/a> ili nas pozovite na: For exact offer, PLS send us quantity and product you need with delivery address..<\/p>\n<p>Technical description: Full pallet orders only<\/p>\n","protected":false},"excerpt":{"rendered":"<p>1690 RSD je redovna prodajna cena keramike, tu pa samo 1352,5 RSD. Veli\u010dina 20&#215;60 cm je odli\u010dna za sve podloge. Plo\u010dice dolaze iz \u0160panije, koja je poznata po kvalitetnoj keramiki. Keramika je prekrasne be\u017e boje. U koliko \u017eelite neku drugu boju, pozovite nas i mi \u0107emo proveriti kod proizvo\u0111a\u010da. 9 mm debljine je dovoljno za [&hellip;]<\/p>\n","protected":false},"featured_media":95578,"template":"","meta":[],"product_cat":[210,99921414,200,999],"product_tag":[],"_links":{"self":[{"href":"https:\/\/www.keramika.com\/srbija\/wp-json\/wp\/v2\/product\/95577"}],"collection":[{"href":"https:\/\/www.keramika.com\/srbija\/wp-json\/wp\/v2\/product"}],"about":[{"href":"https:\/\/www.keramika.com\/srbija\/wp-json\/wp\/v2\/types\/product"}],"wp:featuredmedia":[{"embeddable":true,"href":"https:\/\/www.keramika.com\/srbija\/wp-json\/wp\/v2\/media\/95578"}],"wp:attachment":[{"href":"https:\/\/www.keramika.com\/srbija\/wp-json\/wp\/v2\/media?parent=95577"}],"wp:term":[{"taxonomy":"product_cat","embeddable":true,"href":"https:\/\/www.keramika.com\/srbija\/wp-json\/wp\/v2\/product_cat?post=95577"},{"taxonomy":"product_tag","embeddable":true,"href":"https:\/\/www.keramika.com\/srbija\/wp-json\/wp\/v2\/product_tag?post=95577"}],"curies":[{"name":"wp","href":"https:\/\/api.w.org\/{rel}","templated":true}]}}