{"id":95575,"date":"2017-07-02T10:43:54","date_gmt":"2017-07-02T10:43:54","guid":{"rendered":"http:\/\/www.ceramictiles.com\/srbija\/product\/dekorativne-plocice-vives-acorn-cemento\/"},"modified":"2026-01-04T00:01:05","modified_gmt":"2026-01-04T00:01:05","slug":"dekorativne-plocice-vives-acorn-cemento","status":"publish","type":"product","link":"https:\/\/www.keramika.com\/srbija\/dekorativne-plocice-vives-acorn-cemento\/","title":{"rendered":"Dekorativne plo\u010dice Vives Acorn Cemento"},"content":{"rendered":"<p>Vives Acorn Cemento je proizvod iz \u0160panije te je izuzetno kvalitetna. U izboru plo\u010dica sive boje, ne mo\u017eete pogre\u0161iti. Veli\u010dina 20&#215;20 cm je odli\u010dna za sve podloge. Plo\u010dica je debela 8 mm, \u0161to je ubraja u tvrde plo\u010dice. 4372,3 RSD je redovna prodajna cena keramike, tu pa samo 3498,3 RSD.<\/p>\n<p>Kliknite na ime serije za sve plo\u010dice u toj seriji: <a class=\"pdfcatal\" href=\"\/\/www.ceramictiles.com\/pdf\/vives\/catalogue_vives_world_streets.pdf\" onclick=\"recordOutboundLink(this, 'E-mail', 'Description PDF');return false;\">Ceramica Vives World Streets<\/a><\/p>\n<p>Da bi naru\u010dili model iz PDF kataloga ove serije, molimo vas, da nas kontaktirate na: <a href=\"mailto:zo_mi@ceramictiles.com\" onclick=\"recordOutboundLink(this, 'E-mail', 'Description mail');return false;\">zo_mi@ceramictiles.com<\/a> ili nas pozovite na: For exact offer, PLS send us quantity and product you need with delivery address..<\/p>\n","protected":false},"excerpt":{"rendered":"<p>Vives Acorn Cemento je proizvod iz \u0160panije te je izuzetno kvalitetna. U izboru plo\u010dica sive boje, ne mo\u017eete pogre\u0161iti. Veli\u010dina 20&#215;20 cm je odli\u010dna za sve podloge. Plo\u010dica je debela 8 mm, \u0161to je ubraja u tvrde plo\u010dice. 4372,3 RSD je redovna prodajna cena keramike, tu pa samo 3498,3 RSD. Kliknite na ime serije za [&hellip;]<\/p>\n","protected":false},"featured_media":95576,"template":"","meta":[],"product_cat":[210,200,999,999136],"product_tag":[],"_links":{"self":[{"href":"https:\/\/www.keramika.com\/srbija\/wp-json\/wp\/v2\/product\/95575"}],"collection":[{"href":"https:\/\/www.keramika.com\/srbija\/wp-json\/wp\/v2\/product"}],"about":[{"href":"https:\/\/www.keramika.com\/srbija\/wp-json\/wp\/v2\/types\/product"}],"wp:featuredmedia":[{"embeddable":true,"href":"https:\/\/www.keramika.com\/srbija\/wp-json\/wp\/v2\/media\/95576"}],"wp:attachment":[{"href":"https:\/\/www.keramika.com\/srbija\/wp-json\/wp\/v2\/media?parent=95575"}],"wp:term":[{"taxonomy":"product_cat","embeddable":true,"href":"https:\/\/www.keramika.com\/srbija\/wp-json\/wp\/v2\/product_cat?post=95575"},{"taxonomy":"product_tag","embeddable":true,"href":"https:\/\/www.keramika.com\/srbija\/wp-json\/wp\/v2\/product_tag?post=95575"}],"curies":[{"name":"wp","href":"https:\/\/api.w.org\/{rel}","templated":true}]}}