{"id":95571,"date":"2017-07-02T10:43:03","date_gmt":"2017-07-02T10:43:03","guid":{"rendered":"http:\/\/www.ceramictiles.com\/srbija\/product\/keramika-imitacija-kamena-vives-flysch-grafito\/"},"modified":"2026-01-04T00:01:04","modified_gmt":"2026-01-04T00:01:04","slug":"keramika-imitacija-kamena-vives-flysch-grafito","status":"publish","type":"product","link":"https:\/\/www.keramika.com\/srbija\/keramika-imitacija-kamena-vives-flysch-grafito\/","title":{"rendered":"Keramika imitacija kamena Vives Flysch Grafito"},"content":{"rendered":"<p>Plo\u010dice crne boje, su letos izuzetno tre\u017eene. Debljina 10 mm \u010dini plo\u010dicu vrlo izdr\u017eljivom i prijatnom na dodir. Dimenzije ovih plo\u010dica su 30&#215;60 cm. plo\u010dica proizvo\u0111a\u010da Ceramica Vives iz \u0160panije. Umesto 4149,2 RSD \u0161to je redovna maloprodajna cena keramike, u na\u0161oj online prodavnici, je mo\u017eete dobiti za samo 3318,9 RSD.<\/p>\n<p>Kliknite na ime serije za sve plo\u010dice u toj seriji: <a class=\"pdfcatal\" href=\"\/\/www.ceramictiles.com\/pdf\/vives\/catalogue_vives_world_flysch.pdf\" onclick=\"recordOutboundLink(this, 'E-mail', 'Description PDF');return false;\">Ceramica Vives World Flysch<\/a><\/p>\n<p>Da bi naru\u010dili model iz PDF kataloga ove serije, molimo vas, da nas kontaktirate na: <a href=\"mailto:zo_mi@ceramictiles.com\" onclick=\"recordOutboundLink(this, 'E-mail', 'Description mail');return false;\">zo_mi@ceramictiles.com<\/a> ili nas pozovite na: For exact offer, PLS send us quantity and product you need with delivery address..<\/p>\n","protected":false},"excerpt":{"rendered":"<p>Plo\u010dice crne boje, su letos izuzetno tre\u017eene. Debljina 10 mm \u010dini plo\u010dicu vrlo izdr\u017eljivom i prijatnom na dodir. Dimenzije ovih plo\u010dica su 30&#215;60 cm. plo\u010dica proizvo\u0111a\u010da Ceramica Vives iz \u0160panije. Umesto 4149,2 RSD \u0161to je redovna maloprodajna cena keramike, u na\u0161oj online prodavnici, je mo\u017eete dobiti za samo 3318,9 RSD. Kliknite na ime serije za [&hellip;]<\/p>\n","protected":false},"featured_media":95572,"template":"","meta":[],"product_cat":[210,200,999,999136],"product_tag":[99950096],"_links":{"self":[{"href":"https:\/\/www.keramika.com\/srbija\/wp-json\/wp\/v2\/product\/95571"}],"collection":[{"href":"https:\/\/www.keramika.com\/srbija\/wp-json\/wp\/v2\/product"}],"about":[{"href":"https:\/\/www.keramika.com\/srbija\/wp-json\/wp\/v2\/types\/product"}],"wp:featuredmedia":[{"embeddable":true,"href":"https:\/\/www.keramika.com\/srbija\/wp-json\/wp\/v2\/media\/95572"}],"wp:attachment":[{"href":"https:\/\/www.keramika.com\/srbija\/wp-json\/wp\/v2\/media?parent=95571"}],"wp:term":[{"taxonomy":"product_cat","embeddable":true,"href":"https:\/\/www.keramika.com\/srbija\/wp-json\/wp\/v2\/product_cat?post=95571"},{"taxonomy":"product_tag","embeddable":true,"href":"https:\/\/www.keramika.com\/srbija\/wp-json\/wp\/v2\/product_tag?post=95571"}],"curies":[{"name":"wp","href":"https:\/\/api.w.org\/{rel}","templated":true}]}}