{"id":95567,"date":"2017-07-02T10:42:16","date_gmt":"2017-07-02T10:42:16","guid":{"rendered":"http:\/\/www.ceramictiles.com\/srbija\/product\/plocice-za-kupatilo-vives-town-basalto\/"},"modified":"2026-01-04T00:01:04","modified_gmt":"2026-01-04T00:01:04","slug":"plocice-za-kupatilo-vives-town-basalto","status":"publish","type":"product","link":"https:\/\/www.keramika.com\/srbija\/plocice-za-kupatilo-vives-town-basalto\/","title":{"rendered":"Plo\u010dice za kupatilo Vives Town Basalto"},"content":{"rendered":"<p>Vives Town Basalto je proizvod iz \u0160panije te je izuzetno kvalitetna. Veli\u010dina ove plo\u010dice je 31,6&#215;31,6 cm. Plo\u010dica je debela 9 mm, \u0161to je ubraja u tvrde plo\u010dice. Ove crne kerami\u010dke plo\u010dice, obogatit \u0107e svaki prostor. Online cena je samo 2587,5 RSD, dok redovna, maloprodajna cena 3233,8 RSD.<\/p>\n<p>Kliknite na ime serije za sve plo\u010dice u toj seriji: <a class=\"pdfcatal\" href=\"\/\/www.ceramictiles.com\/pdf\/vives\/catalogue_vives_town.pdf\" onclick=\"recordOutboundLink(this, 'E-mail', 'Description PDF');return false;\">Ceramica Vives Town<\/a><\/p>\n<p>Da bi naru\u010dili model iz PDF kataloga ove serije, molimo vas, da nas kontaktirate na: <a href=\"mailto:zo_mi@ceramictiles.com\" onclick=\"recordOutboundLink(this, 'E-mail', 'Description mail');return false;\">zo_mi@ceramictiles.com<\/a> ili nas pozovite na: For exact offer, PLS send us quantity and product you need with delivery address..<\/p>\n","protected":false},"excerpt":{"rendered":"<p>Vives Town Basalto je proizvod iz \u0160panije te je izuzetno kvalitetna. Veli\u010dina ove plo\u010dice je 31,6&#215;31,6 cm. Plo\u010dica je debela 9 mm, \u0161to je ubraja u tvrde plo\u010dice. Ove crne kerami\u010dke plo\u010dice, obogatit \u0107e svaki prostor. Online cena je samo 2587,5 RSD, dok redovna, maloprodajna cena 3233,8 RSD. Kliknite na ime serije za sve plo\u010dice [&hellip;]<\/p>\n","protected":false},"featured_media":95568,"template":"","meta":[],"product_cat":[210,200,999,999136],"product_tag":[],"_links":{"self":[{"href":"https:\/\/www.keramika.com\/srbija\/wp-json\/wp\/v2\/product\/95567"}],"collection":[{"href":"https:\/\/www.keramika.com\/srbija\/wp-json\/wp\/v2\/product"}],"about":[{"href":"https:\/\/www.keramika.com\/srbija\/wp-json\/wp\/v2\/types\/product"}],"wp:featuredmedia":[{"embeddable":true,"href":"https:\/\/www.keramika.com\/srbija\/wp-json\/wp\/v2\/media\/95568"}],"wp:attachment":[{"href":"https:\/\/www.keramika.com\/srbija\/wp-json\/wp\/v2\/media?parent=95567"}],"wp:term":[{"taxonomy":"product_cat","embeddable":true,"href":"https:\/\/www.keramika.com\/srbija\/wp-json\/wp\/v2\/product_cat?post=95567"},{"taxonomy":"product_tag","embeddable":true,"href":"https:\/\/www.keramika.com\/srbija\/wp-json\/wp\/v2\/product_tag?post=95567"}],"curies":[{"name":"wp","href":"https:\/\/api.w.org\/{rel}","templated":true}]}}