{"id":95563,"date":"2017-07-02T10:41:16","date_gmt":"2017-07-02T10:41:16","guid":{"rendered":"http:\/\/www.ceramictiles.com\/srbija\/product\/dekorativne-plocice-vives-cornish-r-natural-multicolor\/"},"modified":"2026-01-04T00:01:03","modified_gmt":"2026-01-04T00:01:03","slug":"dekorativne-plocice-vives-cornish-r-natural-multicolor","status":"publish","type":"product","link":"https:\/\/www.keramika.com\/srbija\/dekorativne-plocice-vives-cornish-r-natural-multicolor\/","title":{"rendered":"Dekorativne plo\u010dice Vives Cornish-R Natural Multicolor"},"content":{"rendered":"<p>Ova plo\u010dica je debela 11 mm i zato je izuzetno izdr\u017eljiva. Redovna cena, ovih plo\u010dica u maloprodaji je 9213,8 RSD. U na\u0161oj online trgovini, je mo\u017eete kupiti za 7371,5 RSD. Izuzetno moderne plo\u010dice be\u017e boje, osve\u017eit \u0107e svaki prostor. Veli\u010dina 60&#215;120 cm je odli\u010dna za sve podloge. Vives Cornish-R Natural Multicolor je proizvod iz \u0160panije te je izuzetno kvalitetna.<\/p>\n<p>Kliknite na ime serije za sve plo\u010dice u toj seriji: <a class=\"pdfcatal\" href=\"\/\/www.ceramictiles.com\/pdf\/vives\/catalogue_vives_strand.pdf\" onclick=\"recordOutboundLink(this, 'E-mail', 'Description PDF');return false;\">Ceramica Vives Strand<\/a><\/p>\n<p>Da bi naru\u010dili model iz PDF kataloga ove serije, molimo vas, da nas kontaktirate na: <a href=\"mailto:zo_mi@ceramictiles.com\" onclick=\"recordOutboundLink(this, 'E-mail', 'Description mail');return false;\">zo_mi@ceramictiles.com<\/a> ili nas pozovite na: For exact offer, PLS send us quantity and product you need with delivery address..<\/p>\n<p>Technical description: 59&#215;118<\/p>\n","protected":false},"excerpt":{"rendered":"<p>Ova plo\u010dica je debela 11 mm i zato je izuzetno izdr\u017eljiva. Redovna cena, ovih plo\u010dica u maloprodaji je 9213,8 RSD. U na\u0161oj online trgovini, je mo\u017eete kupiti za 7371,5 RSD. Izuzetno moderne plo\u010dice be\u017e boje, osve\u017eit \u0107e svaki prostor. Veli\u010dina 60&#215;120 cm je odli\u010dna za sve podloge. Vives Cornish-R Natural Multicolor je proizvod iz \u0160panije [&hellip;]<\/p>\n","protected":false},"featured_media":95564,"template":"","meta":[],"product_cat":[210,200,999,999136],"product_tag":[],"_links":{"self":[{"href":"https:\/\/www.keramika.com\/srbija\/wp-json\/wp\/v2\/product\/95563"}],"collection":[{"href":"https:\/\/www.keramika.com\/srbija\/wp-json\/wp\/v2\/product"}],"about":[{"href":"https:\/\/www.keramika.com\/srbija\/wp-json\/wp\/v2\/types\/product"}],"wp:featuredmedia":[{"embeddable":true,"href":"https:\/\/www.keramika.com\/srbija\/wp-json\/wp\/v2\/media\/95564"}],"wp:attachment":[{"href":"https:\/\/www.keramika.com\/srbija\/wp-json\/wp\/v2\/media?parent=95563"}],"wp:term":[{"taxonomy":"product_cat","embeddable":true,"href":"https:\/\/www.keramika.com\/srbija\/wp-json\/wp\/v2\/product_cat?post=95563"},{"taxonomy":"product_tag","embeddable":true,"href":"https:\/\/www.keramika.com\/srbija\/wp-json\/wp\/v2\/product_tag?post=95563"}],"curies":[{"name":"wp","href":"https:\/\/api.w.org\/{rel}","templated":true}]}}