{"id":95559,"date":"2017-07-02T10:40:02","date_gmt":"2017-07-02T10:40:02","guid":{"rendered":"http:\/\/www.ceramictiles.com\/srbija\/product\/keramika-imitacija-drveta-vives-nora-r-noce\/"},"modified":"2026-01-04T00:01:03","modified_gmt":"2026-01-04T00:01:03","slug":"keramika-imitacija-drveta-vives-nora-r-noce","status":"publish","type":"product","link":"https:\/\/www.keramika.com\/srbija\/keramika-imitacija-drveta-vives-nora-r-noce\/","title":{"rendered":"Keramika imitacija drveta Vives Nora-R Noce"},"content":{"rendered":"<p>Zbog ni\u017eih tro\u0161kova, online prodaje, Vi \u0107e te na na\u0161oj strani ove plo\u010de platiti samo 5738,5 RSD. Ta kolekcija, model plo\u010dice, se prodaje najvi\u0161e braon boje. plo\u010dica proizvo\u0111a\u010da Ceramica Vives iz \u0160panije. Veli\u010dina plo\u010dice je 21,8&#215;89,3 cm i odli\u010dna je za razli\u010dite povr\u0161ine. 10 mm debljina \u0107e zadovoljiti i najzahtevnije kupce.<\/p>\n<p>Kliknite na ime serije za sve plo\u010dice u toj seriji: <a class=\"pdfcatal\" href=\"\/\/www.ceramictiles.com\/pdf\/vives\/catalogue_vives_nora.pdf\" onclick=\"recordOutboundLink(this, 'E-mail', 'Description PDF');return false;\">Ceramica Vives Nora<\/a><\/p>\n<p>Da bi naru\u010dili model iz PDF kataloga ove serije, molimo vas, da nas kontaktirate na: <a href=\"mailto:zo_mi@ceramictiles.com\" onclick=\"recordOutboundLink(this, 'E-mail', 'Description mail');return false;\">zo_mi@ceramictiles.com<\/a> ili nas pozovite na: For exact offer, PLS send us quantity and product you need with delivery address..<\/p>\n","protected":false},"excerpt":{"rendered":"<p>Zbog ni\u017eih tro\u0161kova, online prodaje, Vi \u0107e te na na\u0161oj strani ove plo\u010de platiti samo 5738,5 RSD. Ta kolekcija, model plo\u010dice, se prodaje najvi\u0161e braon boje. plo\u010dica proizvo\u0111a\u010da Ceramica Vives iz \u0160panije. Veli\u010dina plo\u010dice je 21,8&#215;89,3 cm i odli\u010dna je za razli\u010dite povr\u0161ine. 10 mm debljina \u0107e zadovoljiti i najzahtevnije kupce. Kliknite na ime serije [&hellip;]<\/p>\n","protected":false},"featured_media":95560,"template":"","meta":[],"product_cat":[210,200,999,999136],"product_tag":[99950095],"_links":{"self":[{"href":"https:\/\/www.keramika.com\/srbija\/wp-json\/wp\/v2\/product\/95559"}],"collection":[{"href":"https:\/\/www.keramika.com\/srbija\/wp-json\/wp\/v2\/product"}],"about":[{"href":"https:\/\/www.keramika.com\/srbija\/wp-json\/wp\/v2\/types\/product"}],"wp:featuredmedia":[{"embeddable":true,"href":"https:\/\/www.keramika.com\/srbija\/wp-json\/wp\/v2\/media\/95560"}],"wp:attachment":[{"href":"https:\/\/www.keramika.com\/srbija\/wp-json\/wp\/v2\/media?parent=95559"}],"wp:term":[{"taxonomy":"product_cat","embeddable":true,"href":"https:\/\/www.keramika.com\/srbija\/wp-json\/wp\/v2\/product_cat?post=95559"},{"taxonomy":"product_tag","embeddable":true,"href":"https:\/\/www.keramika.com\/srbija\/wp-json\/wp\/v2\/product_tag?post=95559"}],"curies":[{"name":"wp","href":"https:\/\/api.w.org\/{rel}","templated":true}]}}