{"id":95553,"date":"2017-07-02T10:38:36","date_gmt":"2017-07-02T10:38:36","guid":{"rendered":"http:\/\/www.ceramictiles.com\/srbija\/product\/keramika-za-terase-vives-colerne-natural\/"},"modified":"2026-01-04T00:01:02","modified_gmt":"2026-01-04T00:01:02","slug":"keramika-za-terase-vives-colerne-natural","status":"publish","type":"product","link":"https:\/\/www.keramika.com\/srbija\/keramika-za-terase-vives-colerne-natural\/","title":{"rendered":"Keramika za terase Vives Colerne Natural"},"content":{"rendered":"<p>Ove plo\u010dice dolaze od proizvo\u0111a\u010da Ceramica Vives, iz \u0160panije. Plo\u010dica 30&#215;30 cm je dobra za ve\u0107 razli\u010ditih namena. 3024,5 RSD je redovna prodajna cena keramike, tu pa samo 2419,6 RSD. Ta kolekcija, model plo\u010dice, se prodaje najvi\u0161e braon boje. 7 mm debljina \u0107e zadovoljiti i najzahtevnije kupce.<\/p>\n<p>Kliknite na ime serije za sve plo\u010dice u toj seriji: <a class=\"pdfcatal\" href=\"\/\/www.ceramictiles.com\/pdf\/vives\/catalogue_vives_laverton.pdf\" onclick=\"recordOutboundLink(this, 'E-mail', 'Description PDF');return false;\">Ceramica Vives Laverton<\/a><\/p>\n<p>Da bi naru\u010dili model iz PDF kataloga ove serije, molimo vas, da nas kontaktirate na: <a href=\"mailto:zo_mi@ceramictiles.com\" onclick=\"recordOutboundLink(this, 'E-mail', 'Description mail');return false;\">zo_mi@ceramictiles.com<\/a> ili nas pozovite na: For exact offer, PLS send us quantity and product you need with delivery address..<\/p>\n","protected":false},"excerpt":{"rendered":"<p>Ove plo\u010dice dolaze od proizvo\u0111a\u010da Ceramica Vives, iz \u0160panije. Plo\u010dica 30&#215;30 cm je dobra za ve\u0107 razli\u010ditih namena. 3024,5 RSD je redovna prodajna cena keramike, tu pa samo 2419,6 RSD. Ta kolekcija, model plo\u010dice, se prodaje najvi\u0161e braon boje. 7 mm debljina \u0107e zadovoljiti i najzahtevnije kupce. Kliknite na ime serije za sve plo\u010dice u [&hellip;]<\/p>\n","protected":false},"featured_media":95554,"template":"","meta":[],"product_cat":[210,200,999,999136],"product_tag":[99950091],"_links":{"self":[{"href":"https:\/\/www.keramika.com\/srbija\/wp-json\/wp\/v2\/product\/95553"}],"collection":[{"href":"https:\/\/www.keramika.com\/srbija\/wp-json\/wp\/v2\/product"}],"about":[{"href":"https:\/\/www.keramika.com\/srbija\/wp-json\/wp\/v2\/types\/product"}],"wp:featuredmedia":[{"embeddable":true,"href":"https:\/\/www.keramika.com\/srbija\/wp-json\/wp\/v2\/media\/95554"}],"wp:attachment":[{"href":"https:\/\/www.keramika.com\/srbija\/wp-json\/wp\/v2\/media?parent=95553"}],"wp:term":[{"taxonomy":"product_cat","embeddable":true,"href":"https:\/\/www.keramika.com\/srbija\/wp-json\/wp\/v2\/product_cat?post=95553"},{"taxonomy":"product_tag","embeddable":true,"href":"https:\/\/www.keramika.com\/srbija\/wp-json\/wp\/v2\/product_tag?post=95553"}],"curies":[{"name":"wp","href":"https:\/\/api.w.org\/{rel}","templated":true}]}}