{"id":95551,"date":"2017-07-02T10:38:11","date_gmt":"2017-07-02T10:38:11","guid":{"rendered":"http:\/\/www.ceramictiles.com\/srbija\/product\/keramika-imitacija-kamena-vives-greystone-r-leather\/"},"modified":"2026-01-04T00:01:02","modified_gmt":"2026-01-04T00:01:02","slug":"keramika-imitacija-kamena-vives-greystone-r-leather","status":"publish","type":"product","link":"https:\/\/www.keramika.com\/srbija\/keramika-imitacija-kamena-vives-greystone-r-leather\/","title":{"rendered":"Keramika imitacija kamena Vives Greystone-R Leather"},"content":{"rendered":"<p>\u0160irina i du\u017eina plo\u010dice su 14,3&#215;119,3 cm. U maloprodaji bi morali za tu plo\u010dicu platiti 10133,8 RSD, online cena je samo 8107,5 RSD. 11 mm debljina \u0107e zadovoljiti i najzahtevnije kupce. Ove plo\u010dice dolaze od proizvo\u0111a\u010da Ceramica Vives, iz \u0160panije. Ove sive kerami\u010dke plo\u010dice, obogatit \u0107e svaki prostor.<\/p>\n<p>Kliknite na ime serije za sve plo\u010dice u toj seriji: <a class=\"pdfcatal\" href=\"\/\/www.ceramictiles.com\/pdf\/vives\/catalogue_vives_greystone.pdf\" onclick=\"recordOutboundLink(this, 'E-mail', 'Description PDF');return false;\">Ceramica Vives Greystone<\/a><\/p>\n<p>Da bi naru\u010dili model iz PDF kataloga ove serije, molimo vas, da nas kontaktirate na: <a href=\"mailto:zo_mi@ceramictiles.com\" onclick=\"recordOutboundLink(this, 'E-mail', 'Description mail');return false;\">zo_mi@ceramictiles.com<\/a> ili nas pozovite na: For exact offer, PLS send us quantity and product you need with delivery address..<\/p>\n","protected":false},"excerpt":{"rendered":"<p>\u0160irina i du\u017eina plo\u010dice su 14,3&#215;119,3 cm. U maloprodaji bi morali za tu plo\u010dicu platiti 10133,8 RSD, online cena je samo 8107,5 RSD. 11 mm debljina \u0107e zadovoljiti i najzahtevnije kupce. Ove plo\u010dice dolaze od proizvo\u0111a\u010da Ceramica Vives, iz \u0160panije. Ove sive kerami\u010dke plo\u010dice, obogatit \u0107e svaki prostor. Kliknite na ime serije za sve plo\u010dice [&hellip;]<\/p>\n","protected":false},"featured_media":95552,"template":"","meta":[],"product_cat":[210,200,999,999136],"product_tag":[99950096],"_links":{"self":[{"href":"https:\/\/www.keramika.com\/srbija\/wp-json\/wp\/v2\/product\/95551"}],"collection":[{"href":"https:\/\/www.keramika.com\/srbija\/wp-json\/wp\/v2\/product"}],"about":[{"href":"https:\/\/www.keramika.com\/srbija\/wp-json\/wp\/v2\/types\/product"}],"wp:featuredmedia":[{"embeddable":true,"href":"https:\/\/www.keramika.com\/srbija\/wp-json\/wp\/v2\/media\/95552"}],"wp:attachment":[{"href":"https:\/\/www.keramika.com\/srbija\/wp-json\/wp\/v2\/media?parent=95551"}],"wp:term":[{"taxonomy":"product_cat","embeddable":true,"href":"https:\/\/www.keramika.com\/srbija\/wp-json\/wp\/v2\/product_cat?post=95551"},{"taxonomy":"product_tag","embeddable":true,"href":"https:\/\/www.keramika.com\/srbija\/wp-json\/wp\/v2\/product_tag?post=95551"}],"curies":[{"name":"wp","href":"https:\/\/api.w.org\/{rel}","templated":true}]}}