{"id":95545,"date":"2017-07-02T10:36:21","date_gmt":"2017-07-02T10:36:21","guid":{"rendered":"http:\/\/www.ceramictiles.com\/srbija\/product\/keramika-imitacija-drveta-vives-faro-r-tierra\/"},"modified":"2026-01-04T00:01:01","modified_gmt":"2026-01-04T00:01:01","slug":"keramika-imitacija-drveta-vives-faro-r-tierra","status":"publish","type":"product","link":"https:\/\/www.keramika.com\/srbija\/keramika-imitacija-drveta-vives-faro-r-tierra\/","title":{"rendered":"Keramika imitacija drveta Vives Faro-R Tierra"},"content":{"rendered":"<p>Vives Faro-R Tierra je proizvod iz \u0160panije te je izuzetno kvalitetna. Veli\u010dina plo\u010dice je 14,4&#215;89,3 cm i odli\u010dna je za razli\u010dite povr\u0161ine. 9487,5 RSD je redovna prodajna cena keramike, tu pa samo 7590 RSD. 10 mm debljina \u0107e zadovoljiti i najzahtevnije kupce. U izboru plo\u010dica braon boje, ne mo\u017eete pogre\u0161iti.<\/p>\n<p>Kliknite na ime serije za sve plo\u010dice u toj seriji: <a class=\"pdfcatal\" href=\"\/\/www.ceramictiles.com\/pdf\/vives\/catalogue_vives_faro.pdf\" onclick=\"recordOutboundLink(this, 'E-mail', 'Description PDF');return false;\">Ceramica Vives Faro<\/a><\/p>\n<p>Da bi naru\u010dili model iz PDF kataloga ove serije, molimo vas, da nas kontaktirate na: <a href=\"mailto:zo_mi@ceramictiles.com\" onclick=\"recordOutboundLink(this, 'E-mail', 'Description mail');return false;\">zo_mi@ceramictiles.com<\/a> ili nas pozovite na: For exact offer, PLS send us quantity and product you need with delivery address..<\/p>\n","protected":false},"excerpt":{"rendered":"<p>Vives Faro-R Tierra je proizvod iz \u0160panije te je izuzetno kvalitetna. Veli\u010dina plo\u010dice je 14,4&#215;89,3 cm i odli\u010dna je za razli\u010dite povr\u0161ine. 9487,5 RSD je redovna prodajna cena keramike, tu pa samo 7590 RSD. 10 mm debljina \u0107e zadovoljiti i najzahtevnije kupce. U izboru plo\u010dica braon boje, ne mo\u017eete pogre\u0161iti. Kliknite na ime serije za [&hellip;]<\/p>\n","protected":false},"featured_media":95546,"template":"","meta":[],"product_cat":[210,200,999,999136],"product_tag":[99950095],"_links":{"self":[{"href":"https:\/\/www.keramika.com\/srbija\/wp-json\/wp\/v2\/product\/95545"}],"collection":[{"href":"https:\/\/www.keramika.com\/srbija\/wp-json\/wp\/v2\/product"}],"about":[{"href":"https:\/\/www.keramika.com\/srbija\/wp-json\/wp\/v2\/types\/product"}],"wp:featuredmedia":[{"embeddable":true,"href":"https:\/\/www.keramika.com\/srbija\/wp-json\/wp\/v2\/media\/95546"}],"wp:attachment":[{"href":"https:\/\/www.keramika.com\/srbija\/wp-json\/wp\/v2\/media?parent=95545"}],"wp:term":[{"taxonomy":"product_cat","embeddable":true,"href":"https:\/\/www.keramika.com\/srbija\/wp-json\/wp\/v2\/product_cat?post=95545"},{"taxonomy":"product_tag","embeddable":true,"href":"https:\/\/www.keramika.com\/srbija\/wp-json\/wp\/v2\/product_tag?post=95545"}],"curies":[{"name":"wp","href":"https:\/\/api.w.org\/{rel}","templated":true}]}}