{"id":95543,"date":"2017-07-02T10:35:50","date_gmt":"2017-07-02T10:35:50","guid":{"rendered":"http:\/\/www.ceramictiles.com\/srbija\/product\/plocice-imitacija-drveta-vives-dion-r-blanco\/"},"modified":"2026-01-04T00:01:01","modified_gmt":"2026-01-04T00:01:01","slug":"plocice-imitacija-drveta-vives-dion-r-blanco","status":"publish","type":"product","link":"https:\/\/www.keramika.com\/srbija\/plocice-imitacija-drveta-vives-dion-r-blanco\/","title":{"rendered":"Plo\u010dice imitacija drveta Vives Dion-R Blanco"},"content":{"rendered":"<p>U maloprodaji bi morali za tu plo\u010dicu platiti 8280 RSD, online cena je samo 6624 RSD. Izuzetno moderne plo\u010dice sive boje, osve\u017eit \u0107e svaki prostor. Vives Dion-R Blanco dolazi iz \u0160panije, koja je poznata po vrlo visokoj kvaliteta keramike u svetu. Veli\u010dina plo\u010dice je 21,8&#215;89,3 cm i odli\u010dna je za razli\u010dite povr\u0161ine. 10 mm debljina \u0107e zadovoljiti i najzahtevnije kupce.<\/p>\n<p>Kliknite na ime serije za sve plo\u010dice u toj seriji: <a class=\"pdfcatal\" href=\"\/\/www.ceramictiles.com\/pdf\/vives\/catalogue_vives_efeso.pdf\" onclick=\"recordOutboundLink(this, 'E-mail', 'Description PDF');return false;\">Ceramica Vives Efeso<\/a><\/p>\n<p>Da bi naru\u010dili model iz PDF kataloga ove serije, molimo vas, da nas kontaktirate na: <a href=\"mailto:zo_mi@ceramictiles.com\" onclick=\"recordOutboundLink(this, 'E-mail', 'Description mail');return false;\">zo_mi@ceramictiles.com<\/a> ili nas pozovite na: For exact offer, PLS send us quantity and product you need with delivery address..<\/p>\n","protected":false},"excerpt":{"rendered":"<p>U maloprodaji bi morali za tu plo\u010dicu platiti 8280 RSD, online cena je samo 6624 RSD. Izuzetno moderne plo\u010dice sive boje, osve\u017eit \u0107e svaki prostor. Vives Dion-R Blanco dolazi iz \u0160panije, koja je poznata po vrlo visokoj kvaliteta keramike u svetu. Veli\u010dina plo\u010dice je 21,8&#215;89,3 cm i odli\u010dna je za razli\u010dite povr\u0161ine. 10 mm debljina [&hellip;]<\/p>\n","protected":false},"featured_media":95544,"template":"","meta":[],"product_cat":[210,200,999,999136],"product_tag":[99950095],"_links":{"self":[{"href":"https:\/\/www.keramika.com\/srbija\/wp-json\/wp\/v2\/product\/95543"}],"collection":[{"href":"https:\/\/www.keramika.com\/srbija\/wp-json\/wp\/v2\/product"}],"about":[{"href":"https:\/\/www.keramika.com\/srbija\/wp-json\/wp\/v2\/types\/product"}],"wp:featuredmedia":[{"embeddable":true,"href":"https:\/\/www.keramika.com\/srbija\/wp-json\/wp\/v2\/media\/95544"}],"wp:attachment":[{"href":"https:\/\/www.keramika.com\/srbija\/wp-json\/wp\/v2\/media?parent=95543"}],"wp:term":[{"taxonomy":"product_cat","embeddable":true,"href":"https:\/\/www.keramika.com\/srbija\/wp-json\/wp\/v2\/product_cat?post=95543"},{"taxonomy":"product_tag","embeddable":true,"href":"https:\/\/www.keramika.com\/srbija\/wp-json\/wp\/v2\/product_tag?post=95543"}],"curies":[{"name":"wp","href":"https:\/\/api.w.org\/{rel}","templated":true}]}}